{"id":2106,"date":"2023-07-26T11:22:31","date_gmt":"2023-07-26T10:22:31","guid":{"rendered":"https:\/\/well-tax.com\/?page_id=2106"},"modified":"2023-10-02T10:16:55","modified_gmt":"2023-10-02T09:16:55","slug":"informativa-sulla-privacy","status":"publish","type":"page","link":"https:\/\/well-tax.com\/it\/privacy-policy\/","title":{"rendered":"Privacy Policy"},"content":{"rendered":"<div data-elementor-type=\"wp-page\" data-elementor-id=\"2106\" class=\"elementor elementor-2106\" data-elementor-post-type=\"page\">\n\t\t\t\t\t\t<section class=\"elementor-section elementor-top-section elementor-element elementor-element-6e79380 elementor-section-height-min-height elementor-section-boxed elementor-section-height-default elementor-section-items-middle\" data-id=\"6e79380\" data-element_type=\"section\" data-e-type=\"section\" data-settings=\"{&quot;background_background&quot;:&quot;classic&quot;,&quot;jet_parallax_layout_list&quot;:[]}\">\n\t\t\t\t\t\t\t<div class=\"elementor-background-overlay\"><\/div>\n\t\t\t\t\t\t\t<div class=\"elementor-container elementor-column-gap-default\">\n\t\t\t\t\t<div class=\"elementor-column elementor-col-100 elementor-top-column elementor-element elementor-element-cda4072\" data-id=\"cda4072\" data-element_type=\"column\" data-e-type=\"column\" data-settings=\"{&quot;background_background&quot;:&quot;classic&quot;}\">\n\t\t\t<div class=\"elementor-widget-wrap elementor-element-populated\">\n\t\t\t\t\t<div class=\"elementor-background-overlay\"><\/div>\n\t\t\t\t\t\t<div class=\"elementor-element elementor-element-4d7b693 elementor-widget elementor-widget-heading\" data-id=\"4d7b693\" data-element_type=\"widget\" data-e-type=\"widget\" data-widget_type=\"heading.default\">\n\t\t\t\t<div class=\"elementor-widget-container\">\n\t\t\t\t\t<h1 class=\"elementor-heading-title elementor-size-default\">Privacy Policy<\/h1>\t\t\t\t<\/div>\n\t\t\t\t<\/div>\n\t\t\t\t<div class=\"elementor-element elementor-element-dda1e2b elementor-widget elementor-widget-text-editor\" data-id=\"dda1e2b\" data-element_type=\"widget\" data-e-type=\"widget\" data-widget_type=\"text-editor.default\">\n\t\t\t\t<div class=\"elementor-widget-container\">\n\t\t\t\t\t\t\t\t\t<h3>BACKGROUND:<\/h3>\n<p>L'Utente \u00e8 consapevole che la sua privacy \u00e8 importante per lei e che si preoccupa di come i suoi dati personali vengono utilizzati e condivisi online. Rispettiamo e apprezziamo la privacy di tutti coloro che visitano questo sito web, www.well-tax.com (\"Il nostro sito\") e raccoglieremo e utilizzeremo i dati personali solo nei modi qui descritti e in modo coerente con i nostri obblighi e i diritti degli utenti ai sensi della legge.<\/p>\n<p>Si prega di leggere attentamente la presente Informativa sulla privacy e di assicurarsi di averla compresa. L'accettazione dell'Informativa sulla privacy da parte dell'utente si considera avvenuta al momento del primo utilizzo del Sito. Se l'utente non accetta e non \u00e8 d'accordo con la presente Informativa sulla privacy, deve interrompere immediatamente l'utilizzo del Sito.<\/p>\n<h3>1. Definizioni e interpretazione<\/h3>\n<p>Nella presente Polizza, i seguenti termini avranno il significato indicato di seguito:<\/p>\n<div class=\"col-xs-12 col-md-6\">\n<p><strong>\"dati personali\"<\/strong><\/p>\n<\/div>\n<div class=\"col-xs-12 col-md-6\">\n<p>tutti i dati che si riferiscono a una persona identificabile che pu\u00f2 essere identificata direttamente o indirettamente da tali dati. In questo caso, si tratta dei dati personali che l'utente ci fornisce tramite il nostro Sito. La presente definizione, ove applicabile, incorpora le definizioni fornite dal Regolamento UE 2016\/679 - Regolamento generale sulla protezione dei dati (\"GDPR\"); e<\/p>\n<\/div>\n<div class=\"col-xs-12 col-lg-6\">\n<p><strong>\"Noi\/Noi\"<\/strong><\/p>\n<\/div>\n<div class=\"col-xs-12 col-lg-6\">\n<p>indica WellTax Limited, una societ\u00e0 a responsabilit\u00e0 limitata registrata in Inghilterra e Galles con il numero 09572130, il cui indirizzo legale \u00e8 20 Fitzroy Square, Londra, Regno Unito, W1T 6EJ.<\/p>\n<\/div>\n<h3>2. Informazioni su di noi<\/h3>\n<p>- Il nostro Sito \u00e8 di propriet\u00e0 e gestito da WellTax Limited, una societ\u00e0 a responsabilit\u00e0 limitata registrata in Inghilterra e Galles con il numero 09572130, il cui indirizzo legale \u00e8 20 Fitzroy Square, Londra, Regno Unito, W1T 6EJ.<\/p>\n<p>- Il nostro responsabile della protezione dei dati \u00e8 WellTax Limited e pu\u00f2 essere contattato via email all'indirizzo&nbsp;<a href=\"mailto:info@well-tax.com\">info@well-tax.com<\/a>per telefono al numero +44 (0) 20 3581 1717 o per posta a&nbsp;<a href=\"https:\/\/well-tax.com\/it\/contact\/\">https:\/\/well-tax.com\/contact<\/a>.<\/p>\n<p>- Siamo regolamentati dall'ICO (Information Commissioner's Office),&nbsp;<a href=\"https:\/\/ico.org.uk\/\">https:\/\/ico.org.uk\/<\/a>).<\/p>\n<h3>3. Cosa copre questa polizza?<\/h3>\n<p>La presente Informativa sulla privacy si applica esclusivamente all'utilizzo del nostro Sito da parte dell'utente. Il nostro Sito pu\u00f2 contenere link ad altri siti web. Vi preghiamo di notare che non abbiamo alcun controllo sulle modalit\u00e0 di raccolta, archiviazione o utilizzo dei vostri dati da parte di altri siti web e vi consigliamo di controllare le politiche sulla privacy di tali siti prima di fornire loro qualsiasi dato.<\/p>\n<h3>4. I vostri diritti<\/h3>\n<p>- In qualit\u00e0 di soggetto interessato, avete i seguenti diritti ai sensi del GDPR, che la presente Informativa e il nostro utilizzo dei dati personali sono stati concepiti per sostenere:<\/p>\n<div class=\"col-xs-12 col-md-6\">\n<p>- Il diritto di essere informati sulla nostra raccolta e sull'uso dei dati personali;<\/p>\n<p>- Il diritto di accesso ai dati personali in nostro possesso (cfr. sezione 12);<\/p>\n<p>- Il diritto di rettifica nel caso in cui i dati personali in nostro possesso siano inesatti o incompleti (si prega di contattarci utilizzando i dettagli riportati nella sezione 13);<\/p>\n<p>- Il diritto all'oblio, ossia il diritto di chiederci di cancellare i dati personali in nostro possesso (i dati personali vengono conservati solo per un periodo di tempo limitato, come spiegato nella sezione 6, ma se si desidera che vengano cancellati prima, si prega di contattarci utilizzando i dettagli nella sezione 13);<\/p>\n<p>- Il diritto di limitare (cio\u00e8 impedire) il trattamento dei vostri dati personali;<\/p>\n<p>- Il diritto alla portabilit\u00e0 dei dati (ottenere una copia dei propri dati personali da riutilizzare presso un altro servizio o organizzazione);<\/p>\n<p>- Il diritto di opporsi al nostro utilizzo dei vostri dati personali per scopi particolari; e<\/p>\n<p>- Diritti relativi al processo decisionale automatizzato e alla profilazione.<\/p>\n<\/div>\n<p>- In caso di reclamo sull'utilizzo dei vostri dati personali da parte nostra, vi preghiamo di contattarci utilizzando i dettagli forniti nella sezione 13 e faremo del nostro meglio per risolvere il problema. Se non siamo in grado di aiutarvi, avete anche il diritto di presentare un reclamo all'autorit\u00e0 di vigilanza del Regno Unito, l'Information Commissioner's Office.<\/p>\n<p>- Per ulteriori informazioni sui vostri diritti, contattate l'Information Commissioner's Office o il Citizens Advice Bureau locale.<\/p>\n<h3>5. Quali dati raccogliamo?<\/h3>\n<p>A seconda dell'uso che l'utente fa del nostro sito, possiamo raccogliere alcuni o tutti i seguenti dati personali:<\/p>\n<div class=\"col-xs-12 col-md-6\">\n<p>- nome;<\/p>\n<p>- data di nascita;<\/p>\n<p>- genere;<\/p>\n<p>- nome dell'azienda;<\/p>\n<p>- titolo di lavoro;<\/p>\n<p>- professione e studi;<\/p>\n<p>- informazioni di contatto come indirizzi e-mail e numeri di telefono;<\/p>\n<p>- informazioni demografiche come il codice postale, le preferenze e gli interessi;<\/p>\n<p>- Indirizzo IP;<\/p>\n<p>- tipo e versione del browser web;<\/p>\n<p>- sistema operativo;<\/p>\n<p>- un elenco di URL che iniziano con un sito di riferimento, la vostra attivit\u00e0 sul Nostro Sito e il sito da cui uscite;<\/p>\n<\/div>\n<h3>6. Come utilizziamo i vostri dati?<\/h3>\n<p>- Tutti i dati personali vengono elaborati e conservati in modo sicuro, per un periodo non superiore a quello necessario alla luce del motivo per cui sono stati raccolti. Rispetteremo sempre i nostri obblighi e salvaguarderemo i vostri diritti ai sensi del GDPR. Per ulteriori dettagli sulla sicurezza, consultare la sezione 7, di seguito.<\/p>\n<p>- L'utilizzo da parte nostra dei dati personali dell'utente avr\u00e0 sempre una base legittima, sia perch\u00e9 \u00e8 necessario per l'esecuzione di un contratto con l'utente, sia perch\u00e9 l'utente ha acconsentito all'utilizzo dei suoi dati personali (ad esempio, iscrivendosi alle e-mail), sia perch\u00e9 \u00e8 nel nostro legittimo interesse. In particolare, possiamo utilizzare i vostri dati per i seguenti scopi:<\/p>\n<div class=\"col-xs-12 col-md-6\">\n<p>- Fornire i nostri servizi all'utente (si prega di notare che abbiamo bisogno dei suoi dati personali per stipulare un contratto con l'utente);<\/p>\n<p>- Personalizzare e personalizzare i nostri servizi per voi;<\/p>\n<p>- Rispondere alle vostre e-mail;<\/p>\n<p>- Fornirvi le e-mail a cui avete aderito (potete annullare l'iscrizione o l'opt-out in qualsiasi momento inviando un'e-mail a info@well-tax.com specificando che non volete pi\u00f9 che i vostri dati siano conservati;<\/p>\n<p>- Ricerca di mercato;<\/p>\n<\/div>\n<p>- Con l'autorizzazione dell'utente e\/o laddove consentito dalla legge, potremo inoltre utilizzare i suoi dati per scopi di marketing, tra cui contattarlo via e-mail, telefono, SMS e posta con informazioni, novit\u00e0 e offerte sui nostri servizi. Tuttavia, non invieremo all'utente alcun marketing o spam non richiesto e adotteremo tutte le misure ragionevoli per garantire la piena tutela dei diritti dell'utente e il rispetto dei nostri obblighi ai sensi del GDPR e del Regolamento 2003 sulla privacy e sulle comunicazioni elettroniche (Direttiva CE).<\/p>\n<p>- L'utente ha il diritto di revocare il proprio consenso all'utilizzo dei suoi dati personali in qualsiasi momento e di richiederne la cancellazione.<\/p>\n<p>- Non conserviamo i vostri dati personali pi\u00f9 a lungo di quanto sia necessario alla luce del motivo per cui sono stati raccolti. I dati saranno pertanto conservati per i periodi di seguito indicati (o la loro conservazione sar\u00e0 determinata in base alle seguenti basi):<\/p>\n<div class=\"col-xs-12 col-md-6\">\n<p>- Nella \"Sezione Newsletter\" i dati saranno conservati per un periodo illimitato, tuttavia sar\u00e0 disponibile un'opzione di cancellazione per le persone che desiderano rinunciare.<\/p>\n<p>- Nella sezione \"Post a Comment\" i dati saranno conservati per un periodo illimitato, tuttavia l'individuo potr\u00e0 sempre annullare l'iscrizione inviando un'e-mail a&nbsp;<a href=\"mailto:info@well-tax.com\">info@well-tax.com<\/a>.<\/p>\n<p>- Nelle sezioni \"Contattaci\", \"Mettiti in contatto\" e \"Carriere\" i dati saranno conservati per due anni, consentendo a Welltax Limited di avere un periodo di tempo ragionevole per contattare potenziali clienti e dipendenti.<\/p>\n<\/div>\n<h3>7. Come e dove conserviamo i vostri dati?<\/h3>\n<p>- Conserviamo i vostri dati personali solo per il tempo necessario a utilizzarli come descritto nella sezione 6, e\/o per il tempo in cui abbiamo il vostro permesso di conservarli.<\/p>\n<p>- I vostri dati saranno conservati solo nel Regno Unito.<\/p>\n<p>- La sicurezza dei dati \u00e8 molto importante per noi e per proteggere i vostri dati abbiamo adottato misure adeguate per salvaguardare e proteggere i dati raccolti attraverso il nostro sito.<\/p>\n<p>- Le misure che adottiamo per proteggere e tutelare i vostri dati includono:<\/p>\n<div class=\"col-xs-12 col-md-6\">\n<p>- Dati crittografati su disco rigido<\/p>\n<p>- Pannello di controllo del sito web bloccato con password<\/p>\n<\/div>\n<h3>8. Condividiamo i vostri dati?<\/h3>\n<p>- Ai sensi della sezione 8.2, non condivideremo i vostri dati con terze parti per nessun motivo.<\/p>\n<p>- In determinate circostanze, potremmo essere obbligati per legge a condividere alcuni dati in nostro possesso, che potrebbero includere i vostri dati personali, ad esempio nel caso in cui fossimo coinvolti in procedimenti legali, nel caso in cui stessimo ottemperando a obblighi di legge, a un ordine del tribunale o a un'autorit\u00e0 governativa.<\/p>\n<h3>9. Cosa succede se la nostra azienda cambia proprietario?<\/h3>\n<p>- Di tanto in tanto, potremmo espandere o ridurre la nostra attivit\u00e0 e ci\u00f2 potrebbe comportare la vendita e\/o il trasferimento del controllo di tutta o parte della nostra attivit\u00e0. Tutti i dati personali forniti dall'utente, qualora siano rilevanti per una parte della Nostra attivit\u00e0 che viene trasferita, saranno trasferiti insieme a tale parte e il nuovo proprietario o la nuova parte controllante, in base ai termini della presente Informativa sulla privacy, sar\u00e0 autorizzato a utilizzare tali dati solo per gli stessi scopi per i quali sono stati originariamente raccolti da noi.<\/p>\n<p>- Nel caso in cui alcuni dei vostri dati debbano essere trasferiti in questo modo, non sarete contattati in anticipo e informati delle modifiche.<\/p>\n<h3>10. Come controllare i dati?<\/h3>\n<p>- Oltre ai diritti dell'utente previsti dal GDPR, illustrati nella sezione 4, quando l'utente invia dati personali tramite il nostro sito, ci proponiamo di fornire all'utente un forte controllo sul nostro utilizzo dei suoi dati per scopi di marketing diretto (compresa la possibilit\u00e0 di rinunciare a ricevere e-mail da parte nostra, cosa che l'utente pu\u00f2 fare cancellando l'iscrizione tramite i link forniti nelle nostre e-mail e al momento di fornire i propri dati).<\/p>\n<p>- Potreste anche voler aderire a uno o pi\u00f9 dei servizi di preferenza operanti nel Regno Unito: The Telephone Preference Service (\"TPS\"), Corporate Telephone Preference Service (\"CTPS\") e Mailing Preference Service (\"MPS\"). Questi servizi possono contribuire a evitare che riceviate marketing non richiesto. Si noti, tuttavia, che questi servizi non impediscono di ricevere comunicazioni di marketing che si \u00e8 acconsentito di ricevere.<\/p>\n<h3>11. Diritto di rifiutare le informazioni<\/h3>\n<p>\u00c8 possibile accedere ad alcune aree del Sito senza fornire alcun dato. Tuttavia, per utilizzare tutte le caratteristiche e le funzioni disponibili sul Sito, potrebbe essere richiesto di fornire o consentire la raccolta di alcuni dati.<\/p>\n<h3>12. Come si pu\u00f2 accedere ai dati?<\/h3>\n<p>L'utente ha il diritto di richiedere una copia dei propri dati personali in nostro possesso (ove tali dati siano conservati). Ai sensi del GDPR, non \u00e8 previsto il pagamento di alcuna tariffa e la Societ\u00e0 fornir\u00e0 gratuitamente tutte le informazioni in risposta alla richiesta dell'utente. Per maggiori dettagli, contattateci all'indirizzo&nbsp;<a href=\"mailto:info@well-tax.com\">info@well-tax.com<\/a>, oppure utilizzando i dettagli di contatto riportati nella sezione 13.<\/p>\n<h3>13. Contattarci<\/h3>\n<p>In caso di domande sul nostro Sito o sulla presente Informativa sulla privacy, si prega di contattarci via e-mail all'indirizzo&nbsp;<a href=\"mailto:info@well-tax.com\">info@well-tax.com<\/a>per telefono al numero +44 (0) 20 3581 1717 o per posta a&nbsp;<a href=\"https:\/\/well-tax.com\/it\/contact\/\">https:\/\/well-tax.com\/contact<\/a>. Assicuratevi che la vostra domanda sia chiara, in particolare se si tratta di una richiesta di informazioni sui dati in nostro possesso (come al punto 12).<\/p>\n<h3>14. Modifiche alla nostra politica sulla privacy<\/h3>\n<p>La presente Informativa sulla privacy pu\u00f2 essere modificata di tanto in tanto (ad esempio, in caso di modifiche legislative). Eventuali modifiche saranno immediatamente pubblicate sul Sito e si riterr\u00e0 che l'utente abbia accettato i termini dell'Informativa sulla privacy al primo utilizzo del Sito successivo alle modifiche. Si consiglia di controllare regolarmente questa pagina per tenersi aggiornati.<\/p>\t\t\t\t\t\t\t\t<\/div>\n\t\t\t\t<\/div>\n\t\t\t\t<div class=\"elementor-element elementor-element-48c537b arrow-button elementor-mobile-align-justify elementor-align-center elementor-widget elementor-widget-button\" data-id=\"48c537b\" data-element_type=\"widget\" data-e-type=\"widget\" data-widget_type=\"button.default\">\n\t\t\t\t<div class=\"elementor-widget-container\">\n\t\t\t\t\t\t\t\t\t<div class=\"elementor-button-wrapper\">\n\t\t\t\t\t<a class=\"elementor-button elementor-button-link elementor-size-md\" href=\"https:\/\/well-tax.com\/it\/\">\n\t\t\t\t\t\t<span class=\"elementor-button-content-wrapper\">\n\t\t\t\t\t\t<span class=\"elementor-button-icon\">\n\t\t\t\t<svg xmlns=\"http:\/\/www.w3.org\/2000\/svg\" width=\"20\" height=\"21\" viewbox=\"0 0 20 21\" fill=\"none\"><path d=\"M19.96 11.1796C20.01 11.0596 20.01 10.9296 19.96 10.8196C19.94 10.7596 19.9 10.7096 19.86 10.6596L10.34 1.13957C10.15 0.94957 9.85 0.94957 9.67 1.13957C9.48 1.32957 9.48 1.62957 9.67 1.80957L18.38 10.5196H0.48C0.22 10.5196 0 10.7296 0 10.9996C0 11.2696 0.21 11.4796 0.48 11.4796H18.38L9.67 20.1896C9.48 20.3796 9.48 20.6796 9.67 20.8596C9.76 20.9496 9.88 20.9996 10.01 20.9996C10.14 20.9996 10.25 20.9496 10.35 20.8596L19.87 11.3396C19.87 11.3396 19.95 11.2396 19.97 11.1796H19.96Z\" fill=\"white\"><\/path><\/svg>\t\t\t<\/span>\n\t\t\t\t\t\t\t\t\t<span class=\"elementor-button-text\">Vai alla pagina principale<\/span>\n\t\t\t\t\t<\/span>\n\t\t\t\t\t<\/a>\n\t\t\t\t<\/div>\n\t\t\t\t\t\t\t\t<\/div>\n\t\t\t\t<\/div>\n\t\t\t\t\t<\/div>\n\t\t<\/div>\n\t\t\t\t\t<\/div>\n\t\t<\/section>\n\t\t\t\t<\/div>","protected":false},"excerpt":{"rendered":"<p>Privacy Policy BACKGROUND: User understands that your privacy is important to you and that you care about how your personal data is used and shared online. We respect and value the privacy of everyone who visits this website, www.well-tax.com (\u201cOur Site\u201d) and will only collect and use personal data in ways that are described here, [&hellip;]<\/p>\n","protected":false},"author":1,"featured_media":0,"parent":0,"menu_order":0,"comment_status":"closed","ping_status":"closed","template":"elementor_header_footer","meta":{"footnotes":""},"class_list":["post-2106","page","type-page","status-publish","hentry"],"yoast_head":"<!-- This site is optimized with the Yoast SEO plugin v27.3 - https:\/\/yoast.com\/product\/yoast-seo-wordpress\/ -->\n<title>Privacy Policy - WellTax<\/title>\n<meta name=\"robots\" content=\"index, follow, max-snippet:-1, max-image-preview:large, max-video-preview:-1\" \/>\n<link rel=\"canonical\" href=\"https:\/\/well-tax.com\/it\/informativa-sulla-privacy\/\" \/>\n<meta property=\"og:locale\" content=\"it_IT\" \/>\n<meta property=\"og:type\" content=\"article\" \/>\n<meta property=\"og:title\" content=\"Privacy Policy - WellTax\" \/>\n<meta property=\"og:description\" content=\"Privacy Policy BACKGROUND: User understands that your privacy is important to you and that you care about how your personal data is used and shared online. We respect and value the privacy of everyone who visits this website, www.well-tax.com (\u201cOur Site\u201d) and will only collect and use personal data in ways that are described here, [&hellip;]\" \/>\n<meta property=\"og:url\" content=\"https:\/\/well-tax.com\/it\/informativa-sulla-privacy\/\" \/>\n<meta property=\"og:site_name\" content=\"WellTax\" \/>\n<meta property=\"article:publisher\" content=\"https:\/\/www.facebook.com\/welltaxlimited\/\" \/>\n<meta property=\"article:modified_time\" content=\"2023-10-02T09:16:55+00:00\" \/>\n<meta property=\"og:image\" content=\"https:\/\/well-tax.com\/wp-content\/uploads\/2023\/10\/preview.jpg\" \/>\n\t<meta property=\"og:image:width\" content=\"1200\" \/>\n\t<meta property=\"og:image:height\" content=\"675\" \/>\n\t<meta property=\"og:image:type\" content=\"image\/jpeg\" \/>\n<meta name=\"twitter:card\" content=\"summary_large_image\" \/>\n<meta name=\"twitter:label1\" content=\"Tempo di lettura stimato\" \/>\n\t<meta name=\"twitter:data1\" content=\"9 minuti\" \/>\n<script type=\"application\/ld+json\" class=\"yoast-schema-graph\">{\"@context\":\"https:\\\/\\\/schema.org\",\"@graph\":[{\"@type\":\"WebPage\",\"@id\":\"https:\\\/\\\/well-tax.com\\\/privacy-policy\\\/\",\"url\":\"https:\\\/\\\/well-tax.com\\\/privacy-policy\\\/\",\"name\":\"Privacy Policy - WellTax\",\"isPartOf\":{\"@id\":\"https:\\\/\\\/well-tax.com\\\/#website\"},\"datePublished\":\"2023-07-26T10:22:31+00:00\",\"dateModified\":\"2023-10-02T09:16:55+00:00\",\"breadcrumb\":{\"@id\":\"https:\\\/\\\/well-tax.com\\\/privacy-policy\\\/#breadcrumb\"},\"inLanguage\":\"it-IT\",\"potentialAction\":[{\"@type\":\"ReadAction\",\"target\":[\"https:\\\/\\\/well-tax.com\\\/privacy-policy\\\/\"]}]},{\"@type\":\"BreadcrumbList\",\"@id\":\"https:\\\/\\\/well-tax.com\\\/privacy-policy\\\/#breadcrumb\",\"itemListElement\":[{\"@type\":\"ListItem\",\"position\":1,\"name\":\"Home\",\"item\":\"https:\\\/\\\/well-tax.com\\\/\"},{\"@type\":\"ListItem\",\"position\":2,\"name\":\"Privacy Policy\"}]},{\"@type\":\"WebSite\",\"@id\":\"https:\\\/\\\/well-tax.com\\\/#website\",\"url\":\"https:\\\/\\\/well-tax.com\\\/\",\"name\":\"WellTax\",\"description\":\"Accountants and Tax Advisors in UK and UAE\",\"publisher\":{\"@id\":\"https:\\\/\\\/well-tax.com\\\/#organization\"},\"potentialAction\":[{\"@type\":\"SearchAction\",\"target\":{\"@type\":\"EntryPoint\",\"urlTemplate\":\"https:\\\/\\\/well-tax.com\\\/?s={search_term_string}\"},\"query-input\":{\"@type\":\"PropertyValueSpecification\",\"valueRequired\":true,\"valueName\":\"search_term_string\"}}],\"inLanguage\":\"it-IT\"},{\"@type\":\"Organization\",\"@id\":\"https:\\\/\\\/well-tax.com\\\/#organization\",\"name\":\"WellTax\",\"url\":\"https:\\\/\\\/well-tax.com\\\/\",\"logo\":{\"@type\":\"ImageObject\",\"inLanguage\":\"it-IT\",\"@id\":\"https:\\\/\\\/well-tax.com\\\/#\\\/schema\\\/logo\\\/image\\\/\",\"url\":\"https:\\\/\\\/well-tax.com\\\/wp-content\\\/uploads\\\/2023\\\/06\\\/favicon.svg\",\"contentUrl\":\"https:\\\/\\\/well-tax.com\\\/wp-content\\\/uploads\\\/2023\\\/06\\\/favicon.svg\",\"width\":40,\"height\":35,\"caption\":\"WellTax\"},\"image\":{\"@id\":\"https:\\\/\\\/well-tax.com\\\/#\\\/schema\\\/logo\\\/image\\\/\"},\"sameAs\":[\"https:\\\/\\\/www.facebook.com\\\/welltaxlimited\\\/\"]}]}<\/script>\n<!-- \/ Yoast SEO plugin. -->","yoast_head_json":{"title":"Informativa sulla privacy - WellTax","robots":{"index":"index","follow":"follow","max-snippet":"max-snippet:-1","max-image-preview":"max-image-preview:large","max-video-preview":"max-video-preview:-1"},"canonical":"https:\/\/well-tax.com\/it\/informativa-sulla-privacy\/","og_locale":"it_IT","og_type":"article","og_title":"Privacy Policy - WellTax","og_description":"Privacy Policy BACKGROUND: User understands that your privacy is important to you and that you care about how your personal data is used and shared online. We respect and value the privacy of everyone who visits this website, www.well-tax.com (\u201cOur Site\u201d) and will only collect and use personal data in ways that are described here, [&hellip;]","og_url":"https:\/\/well-tax.com\/it\/informativa-sulla-privacy\/","og_site_name":"WellTax","article_publisher":"https:\/\/www.facebook.com\/welltaxlimited\/","article_modified_time":"2023-10-02T09:16:55+00:00","og_image":[{"width":1200,"height":675,"url":"https:\/\/well-tax.com\/wp-content\/uploads\/2023\/10\/preview.jpg","type":"image\/jpeg"}],"twitter_card":"summary_large_image","twitter_misc":{"Tempo di lettura stimato":"9 minuti"},"schema":{"@context":"https:\/\/schema.org","@graph":[{"@type":"WebPage","@id":"https:\/\/well-tax.com\/privacy-policy\/","url":"https:\/\/well-tax.com\/privacy-policy\/","name":"Informativa sulla privacy - WellTax","isPartOf":{"@id":"https:\/\/well-tax.com\/#website"},"datePublished":"2023-07-26T10:22:31+00:00","dateModified":"2023-10-02T09:16:55+00:00","breadcrumb":{"@id":"https:\/\/well-tax.com\/privacy-policy\/#breadcrumb"},"inLanguage":"it-IT","potentialAction":[{"@type":"ReadAction","target":["https:\/\/well-tax.com\/privacy-policy\/"]}]},{"@type":"BreadcrumbList","@id":"https:\/\/well-tax.com\/privacy-policy\/#breadcrumb","itemListElement":[{"@type":"ListItem","position":1,"name":"Home","item":"https:\/\/well-tax.com\/"},{"@type":"ListItem","position":2,"name":"Privacy Policy"}]},{"@type":"WebSite","@id":"https:\/\/well-tax.com\/#website","url":"https:\/\/well-tax.com\/","name":"WellTax","description":"Studio di commercialisti italiani a Londra e a Dubai","publisher":{"@id":"https:\/\/well-tax.com\/#organization"},"potentialAction":[{"@type":"SearchAction","target":{"@type":"EntryPoint","urlTemplate":"https:\/\/well-tax.com\/?s={search_term_string}"},"query-input":{"@type":"PropertyValueSpecification","valueRequired":true,"valueName":"search_term_string"}}],"inLanguage":"it-IT"},{"@type":"Organization","@id":"https:\/\/well-tax.com\/#organization","name":"WellTax","url":"https:\/\/well-tax.com\/","logo":{"@type":"ImageObject","inLanguage":"it-IT","@id":"https:\/\/well-tax.com\/#\/schema\/logo\/image\/","url":"https:\/\/well-tax.com\/wp-content\/uploads\/2023\/06\/favicon.svg","contentUrl":"https:\/\/well-tax.com\/wp-content\/uploads\/2023\/06\/favicon.svg","width":40,"height":35,"caption":"WellTax"},"image":{"@id":"https:\/\/well-tax.com\/#\/schema\/logo\/image\/"},"sameAs":["https:\/\/www.facebook.com\/welltaxlimited\/"]}]}},"_links":{"self":[{"href":"https:\/\/well-tax.com\/it\/wp-json\/wp\/v2\/pages\/2106","targetHints":{"allow":["GET"]}}],"collection":[{"href":"https:\/\/well-tax.com\/it\/wp-json\/wp\/v2\/pages"}],"about":[{"href":"https:\/\/well-tax.com\/it\/wp-json\/wp\/v2\/types\/page"}],"author":[{"embeddable":true,"href":"https:\/\/well-tax.com\/it\/wp-json\/wp\/v2\/users\/1"}],"replies":[{"embeddable":true,"href":"https:\/\/well-tax.com\/it\/wp-json\/wp\/v2\/comments?post=2106"}],"version-history":[{"count":15,"href":"https:\/\/well-tax.com\/it\/wp-json\/wp\/v2\/pages\/2106\/revisions"}],"predecessor-version":[{"id":4615,"href":"https:\/\/well-tax.com\/it\/wp-json\/wp\/v2\/pages\/2106\/revisions\/4615"}],"wp:attachment":[{"href":"https:\/\/well-tax.com\/it\/wp-json\/wp\/v2\/media?parent=2106"}],"curies":[{"name":"wp","href":"https:\/\/api.w.org\/{rel}","templated":true}]}}