{"id":886,"date":"2023-06-30T10:34:31","date_gmt":"2023-06-30T09:34:31","guid":{"rendered":"https:\/\/well-tax.com\/?page_id=886"},"modified":"2024-10-10T15:01:33","modified_gmt":"2024-10-10T14:01:33","slug":"notre-histoire","status":"publish","type":"page","link":"https:\/\/well-tax.com\/fr\/about-us\/our-story\/","title":{"rendered":"Notre Histoire"},"content":{"rendered":"<div data-elementor-type=\"wp-page\" data-elementor-id=\"886\" class=\"elementor elementor-886\" data-elementor-post-type=\"page\">\n\t\t\t\t\t\t<section class=\"elementor-section elementor-top-section elementor-element elementor-element-d1a9d96 hero-gradient-overlay elementor-section-boxed elementor-section-height-default elementor-section-height-default\" data-id=\"d1a9d96\" data-element_type=\"section\" data-e-type=\"section\" data-settings=\"{&quot;background_background&quot;:&quot;classic&quot;,&quot;jet_parallax_layout_list&quot;:[]}\">\n\t\t\t\t\t\t\t<div class=\"elementor-background-overlay\"><\/div>\n\t\t\t\t\t\t\t<div class=\"elementor-container elementor-column-gap-default\">\n\t\t\t\t\t<div class=\"elementor-column elementor-col-100 elementor-top-column elementor-element elementor-element-5ee0fa1\" data-id=\"5ee0fa1\" data-element_type=\"column\" data-e-type=\"column\">\n\t\t\t<div class=\"elementor-widget-wrap elementor-element-populated\">\n\t\t\t\t\t\t<section class=\"elementor-section elementor-inner-section elementor-element elementor-element-b56f627 elementor-reverse-mobile elementor-section-boxed elementor-section-height-default elementor-section-height-default\" data-id=\"b56f627\" data-element_type=\"section\" data-e-type=\"section\" data-settings=\"{&quot;jet_parallax_layout_list&quot;:[]}\">\n\t\t\t\t\t\t<div class=\"elementor-container elementor-column-gap-default\">\n\t\t\t\t\t<div class=\"elementor-column elementor-col-50 elementor-inner-column elementor-element elementor-element-80fdf0d\" data-id=\"80fdf0d\" data-element_type=\"column\" data-e-type=\"column\">\n\t\t\t<div class=\"elementor-widget-wrap elementor-element-populated\">\n\t\t\t\t\t\t<div class=\"elementor-element elementor-element-963f3f4 elementor-widget elementor-widget-image\" data-id=\"963f3f4\" data-element_type=\"widget\" data-e-type=\"widget\" data-widget_type=\"image.default\">\n\t\t\t\t<div class=\"elementor-widget-container\">\n\t\t\t\t\t\t\t\t\t\t\t\t\t\t\t<img fetchpriority=\"high\" decoding=\"async\" width=\"502\" height=\"439\" src=\"https:\/\/well-tax.com\/wp-content\/uploads\/2023\/06\/welltax-symbol-white.svg\" class=\"attachment-large size-large wp-image-160\" alt=\"\" \/>\t\t\t\t\t\t\t\t\t\t\t\t\t\t\t<\/div>\n\t\t\t\t<\/div>\n\t\t\t\t\t<\/div>\n\t\t<\/div>\n\t\t\t\t<div class=\"elementor-column elementor-col-50 elementor-inner-column elementor-element elementor-element-0dec3c3\" data-id=\"0dec3c3\" data-element_type=\"column\" data-e-type=\"column\">\n\t\t\t<div class=\"elementor-widget-wrap elementor-element-populated\">\n\t\t\t\t\t\t<div class=\"elementor-element elementor-element-99c3e00 elementor-widget elementor-widget-heading\" data-id=\"99c3e00\" data-element_type=\"widget\" data-e-type=\"widget\" data-widget_type=\"heading.default\">\n\t\t\t\t<div class=\"elementor-widget-container\">\n\t\t\t\t\t<h2 class=\"elementor-heading-title elementor-size-default\">Une croissance dynamique, une envergure mondiale, des solutions financi\u00e8res sur mesure \u00e0 la recherche du succ\u00e8s.<\/h2>\t\t\t\t<\/div>\n\t\t\t\t<\/div>\n\t\t\t\t\t<\/div>\n\t\t<\/div>\n\t\t\t\t\t<\/div>\n\t\t<\/section>\n\t\t\t\t<div class=\"elementor-element elementor-element-d31efc8 elementor-hidden-mobile elementor-widget-divider--view-line elementor-widget elementor-widget-divider\" data-id=\"d31efc8\" data-element_type=\"widget\" data-e-type=\"widget\" data-widget_type=\"divider.default\">\n\t\t\t\t<div class=\"elementor-widget-container\">\n\t\t\t\t\t\t\t<div class=\"elementor-divider\">\n\t\t\t<span class=\"elementor-divider-separator\">\n\t\t\t\t\t\t<\/span>\n\t\t<\/div>\n\t\t\t\t\t\t<\/div>\n\t\t\t\t<\/div>\n\t\t\t\t<div class=\"elementor-element elementor-element-6003965 elementor-hidden-mobile elementor-widget elementor-widget-spacer\" data-id=\"6003965\" data-element_type=\"widget\" data-e-type=\"widget\" data-widget_type=\"spacer.default\">\n\t\t\t\t<div class=\"elementor-widget-container\">\n\t\t\t\t\t\t\t<div class=\"elementor-spacer\">\n\t\t\t<div class=\"elementor-spacer-inner\"><\/div>\n\t\t<\/div>\n\t\t\t\t\t\t<\/div>\n\t\t\t\t<\/div>\n\t\t\t\t\t<\/div>\n\t\t<\/div>\n\t\t\t\t\t<\/div>\n\t\t<\/section>\n\t\t\t\t<section class=\"elementor-section elementor-top-section elementor-element elementor-element-b0a8d7b elementor-section-height-min-height services elementor-section-boxed elementor-section-height-default elementor-section-items-middle\" data-id=\"b0a8d7b\" data-element_type=\"section\" data-e-type=\"section\" data-settings=\"{&quot;background_background&quot;:&quot;classic&quot;,&quot;jet_parallax_layout_list&quot;:[]}\">\n\t\t\t\t\t\t<div class=\"elementor-container elementor-column-gap-default\">\n\t\t\t\t\t<div class=\"elementor-column elementor-col-100 elementor-top-column elementor-element elementor-element-ba4aed1\" data-id=\"ba4aed1\" data-element_type=\"column\" data-e-type=\"column\">\n\t\t\t<div class=\"elementor-widget-wrap elementor-element-populated\">\n\t\t\t\t\t\t<div class=\"elementor-element elementor-element-9379293 elementor-widget elementor-widget-breadcrumbs\" data-id=\"9379293\" data-element_type=\"widget\" data-e-type=\"widget\" data-widget_type=\"breadcrumbs.default\">\n\t\t\t\t<div class=\"elementor-widget-container\">\n\t\t\t\t\t<p id=\"breadcrumbs\"><span><span><a href=\"https:\/\/well-tax.com\/fr\/\">Accueil<\/a><\/span><\/span><\/p>\t\t\t\t<\/div>\n\t\t\t\t<\/div>\n\t\t\t\t<div class=\"elementor-element elementor-element-72977ec elementor-widget elementor-widget-heading\" data-id=\"72977ec\" data-element_type=\"widget\" data-e-type=\"widget\" data-widget_type=\"heading.default\">\n\t\t\t\t<div class=\"elementor-widget-container\">\n\t\t\t\t\t<h1 class=\"elementor-heading-title elementor-size-default\">Notre Histoire<\/h1>\t\t\t\t<\/div>\n\t\t\t\t<\/div>\n\t\t\t\t<section class=\"elementor-section elementor-inner-section elementor-element elementor-element-9bfbf82 elementor-section-boxed elementor-section-height-default elementor-section-height-default\" data-id=\"9bfbf82\" data-element_type=\"section\" data-e-type=\"section\" data-settings=\"{&quot;jet_parallax_layout_list&quot;:[]}\">\n\t\t\t\t\t\t<div class=\"elementor-container elementor-column-gap-default\">\n\t\t\t\t\t<div class=\"elementor-column elementor-col-50 elementor-inner-column elementor-element elementor-element-e80610d\" data-id=\"e80610d\" data-element_type=\"column\" data-e-type=\"column\">\n\t\t\t<div class=\"elementor-widget-wrap elementor-element-populated\">\n\t\t\t\t\t\t<div class=\"elementor-element elementor-element-65fae22 elementor-widget elementor-widget-text-editor\" data-id=\"65fae22\" data-element_type=\"widget\" data-e-type=\"widget\" data-widget_type=\"text-editor.default\">\n\t\t\t\t<div class=\"elementor-widget-container\">\n\t\t\t\t\t\t\t\t\t<p><strong>Une croissance dynamique, une envergure mondiale, des solutions financi\u00e8res sur mesure \u00e0 la recherche du succ\u00e8s.<\/strong><\/p><p>WellTax a connu une croissance exponentielle au fil des ans, avec une augmentation significative du chiffre d'affaires, de la taille de l'\u00e9quipe, de la base de clients et des services offerts. Apr\u00e8s avoir lanc\u00e9 nos activit\u00e9s au Royaume-Uni il y a plus de dix ans, nous avons franchi une \u00e9tape importante quelques ann\u00e9es plus tard en ouvrant notre bureau aux \u00c9mirats arabes unis.<\/p><p>Cette expansion a \u00e9t\u00e9 motiv\u00e9e par les demandes croissantes de nos clients actuels et par les nouvelles opportunit\u00e9s que peut offrir cette r\u00e9gion. Notre pr\u00e9sence au Royaume-Uni et aux \u00c9mirats arabes unis nous positionne comme un acteur cl\u00e9 dans le paysage financier mondial, et nous permet de mieux accompagner nos clients dans leurs projets \u00e0 l\u2019international.<\/p><p>En entamant ce nouveau chapitre, nous sommes anim\u00e9s par notre passion pour l\u2019excellence et notre ferme volont\u00e9 d\u2019\u00eatre un partenaire de confiance pour nos clients. Gr\u00e2ce \u00e0 notre pr\u00e9sence et \u00e0 nos comp\u00e9tences \u00e9largies, nous sommes d\u00e9termin\u00e9s \u00e0 contribuer de fa\u00e7on concr\u00e8te \u00e0 la croissance future de nos clients et \u00e0 continuer \u00e0 construire avec eux des relations durables.<\/p>\t\t\t\t\t\t\t\t<\/div>\n\t\t\t\t<\/div>\n\t\t\t\t\t<\/div>\n\t\t<\/div>\n\t\t\t\t<div class=\"elementor-column elementor-col-50 elementor-inner-column elementor-element elementor-element-13b5c73\" data-id=\"13b5c73\" data-element_type=\"column\" data-e-type=\"column\">\n\t\t\t<div class=\"elementor-widget-wrap elementor-element-populated\">\n\t\t\t\t\t\t<div class=\"elementor-element elementor-element-1a33726 elementor-widget elementor-widget-heading\" data-id=\"1a33726\" data-element_type=\"widget\" data-e-type=\"widget\" data-widget_type=\"heading.default\">\n\t\t\t\t<div class=\"elementor-widget-container\">\n\t\t\t\t\t<h2 class=\"elementor-heading-title elementor-size-default\">En savoir plus sur WellTax<\/h2>\t\t\t\t<\/div>\n\t\t\t\t<\/div>\n\t\t\t\t<div class=\"elementor-element elementor-element-c951a75 more-about elementor-list-item-link-full_width elementor-widget elementor-widget-icon-list\" data-id=\"c951a75\" data-element_type=\"widget\" data-e-type=\"widget\" data-widget_type=\"icon-list.default\">\n\t\t\t\t<div class=\"elementor-widget-container\">\n\t\t\t\t\t\t\t<ul class=\"elementor-icon-list-items\">\n\t\t\t\t\t\t\t<li class=\"elementor-icon-list-item\">\n\t\t\t\t\t\t\t\t\t\t\t<a href=\"https:\/\/well-tax.com\/fr\/a-propos-de-nous\/\">\n\n\t\t\t\t\t\t\t\t\t\t\t\t<span class=\"elementor-icon-list-icon\">\n\t\t\t\t\t\t\t<svg xmlns=\"http:\/\/www.w3.org\/2000\/svg\" xmlns:xlink=\"http:\/\/www.w3.org\/1999\/xlink\" id=\"Layer_1\" x=\"0px\" y=\"0px\" viewbox=\"0 0 20 21\" style=\"enable-background:new 0 0 20 21;\" xml:space=\"preserve\"><style type=\"text\/css\">\t.st0{fill:#E8423B;}<\/style><path class=\"st0\" d=\"M20,10.7c0.1-0.1,0.1-0.2,0-0.4c0-0.1-0.1-0.1-0.1-0.2l-9.5-9.5c-0.2-0.2-0.5-0.2-0.7,0c-0.2,0.2-0.2,0.5,0,0.7 l8.7,8.7H0.5C0.2,10,0,10.2,0,10.5C0,10.8,0.2,11,0.5,11h17.9l-8.7,8.7c-0.2,0.2-0.2,0.5,0,0.7c0.1,0.1,0.2,0.1,0.3,0.1 s0.2,0,0.3-0.1l9.5-9.5C19.9,10.8,20,10.7,20,10.7L20,10.7z\"><\/path><\/svg>\t\t\t\t\t\t<\/span>\n\t\t\t\t\t\t\t\t\t\t<span class=\"elementor-icon-list-text\">\u00c0 Propos de Nous<\/span>\n\t\t\t\t\t\t\t\t\t\t\t<\/a>\n\t\t\t\t\t\t\t\t\t<\/li>\n\t\t\t\t\t\t\t\t<li class=\"elementor-icon-list-item\">\n\t\t\t\t\t\t\t\t\t\t\t<a href=\"https:\/\/well-tax.com\/fr\/a-propos-de-nous\/nos-valeurs\/\">\n\n\t\t\t\t\t\t\t\t\t\t\t\t<span class=\"elementor-icon-list-icon\">\n\t\t\t\t\t\t\t<svg xmlns=\"http:\/\/www.w3.org\/2000\/svg\" xmlns:xlink=\"http:\/\/www.w3.org\/1999\/xlink\" id=\"Layer_1\" x=\"0px\" y=\"0px\" viewbox=\"0 0 20 21\" style=\"enable-background:new 0 0 20 21;\" xml:space=\"preserve\"><style type=\"text\/css\">\t.st0{fill:#E8423B;}<\/style><path class=\"st0\" d=\"M20,10.7c0.1-0.1,0.1-0.2,0-0.4c0-0.1-0.1-0.1-0.1-0.2l-9.5-9.5c-0.2-0.2-0.5-0.2-0.7,0c-0.2,0.2-0.2,0.5,0,0.7 l8.7,8.7H0.5C0.2,10,0,10.2,0,10.5C0,10.8,0.2,11,0.5,11h17.9l-8.7,8.7c-0.2,0.2-0.2,0.5,0,0.7c0.1,0.1,0.2,0.1,0.3,0.1 s0.2,0,0.3-0.1l9.5-9.5C19.9,10.8,20,10.7,20,10.7L20,10.7z\"><\/path><\/svg>\t\t\t\t\t\t<\/span>\n\t\t\t\t\t\t\t\t\t\t<span class=\"elementor-icon-list-text\">Nos Valeurs<\/span>\n\t\t\t\t\t\t\t\t\t\t\t<\/a>\n\t\t\t\t\t\t\t\t\t<\/li>\n\t\t\t\t\t\t\t\t<li class=\"elementor-icon-list-item\">\n\t\t\t\t\t\t\t\t\t\t\t<a href=\"https:\/\/well-tax.com\/fr\/a-propos-de-nous\/carrieres\/\">\n\n\t\t\t\t\t\t\t\t\t\t\t\t<span class=\"elementor-icon-list-icon\">\n\t\t\t\t\t\t\t<svg xmlns=\"http:\/\/www.w3.org\/2000\/svg\" xmlns:xlink=\"http:\/\/www.w3.org\/1999\/xlink\" id=\"Layer_1\" x=\"0px\" y=\"0px\" viewbox=\"0 0 20 21\" style=\"enable-background:new 0 0 20 21;\" xml:space=\"preserve\"><style type=\"text\/css\">\t.st0{fill:#E8423B;}<\/style><path class=\"st0\" d=\"M20,10.7c0.1-0.1,0.1-0.2,0-0.4c0-0.1-0.1-0.1-0.1-0.2l-9.5-9.5c-0.2-0.2-0.5-0.2-0.7,0c-0.2,0.2-0.2,0.5,0,0.7 l8.7,8.7H0.5C0.2,10,0,10.2,0,10.5C0,10.8,0.2,11,0.5,11h17.9l-8.7,8.7c-0.2,0.2-0.2,0.5,0,0.7c0.1,0.1,0.2,0.1,0.3,0.1 s0.2,0,0.3-0.1l9.5-9.5C19.9,10.8,20,10.7,20,10.7L20,10.7z\"><\/path><\/svg>\t\t\t\t\t\t<\/span>\n\t\t\t\t\t\t\t\t\t\t<span class=\"elementor-icon-list-text\">Recrutement<\/span>\n\t\t\t\t\t\t\t\t\t\t\t<\/a>\n\t\t\t\t\t\t\t\t\t<\/li>\n\t\t\t\t\t\t<\/ul>\n\t\t\t\t\t\t<\/div>\n\t\t\t\t<\/div>\n\t\t\t\t\t<\/div>\n\t\t<\/div>\n\t\t\t\t\t<\/div>\n\t\t<\/section>\n\t\t\t\t\t<\/div>\n\t\t<\/div>\n\t\t\t\t\t<\/div>\n\t\t<\/section>\n\t\t\t\t<\/div>","protected":false},"excerpt":{"rendered":"<p>Dynamic growth, global reach, tailored financial solutions for success. Our Story Dynamic growth, global reach, tailored financial solutions for success. WellTax has grown exponentially over the years, seeing a significant increase in turnover, team size, client base, and services offered. After launching our operations in the UK over a decade ago, we reached a significant [&hellip;]<\/p>\n","protected":false},"author":1,"featured_media":893,"parent":128,"menu_order":0,"comment_status":"closed","ping_status":"closed","template":"elementor_header_footer","meta":{"footnotes":""},"class_list":["post-886","page","type-page","status-publish","has-post-thumbnail","hentry"],"yoast_head":"<!-- This site is optimized with the Yoast SEO plugin v27.3 - https:\/\/yoast.com\/product\/yoast-seo-wordpress\/ -->\n<title>Our Story - WellTax<\/title>\n<meta name=\"description\" content=\"Dynamic growth, global reach, tailored financial solutions for success.\" \/>\n<meta name=\"robots\" content=\"index, follow, max-snippet:-1, max-image-preview:large, max-video-preview:-1\" \/>\n<link rel=\"canonical\" href=\"https:\/\/well-tax.com\/fr\/a-propos-de-nous\/notre-histoire\/\" \/>\n<meta property=\"og:locale\" content=\"fr_FR\" \/>\n<meta property=\"og:type\" content=\"article\" \/>\n<meta property=\"og:title\" content=\"Our Story - WellTax\" \/>\n<meta property=\"og:description\" content=\"Dynamic growth, global reach, tailored financial solutions for success.\" \/>\n<meta property=\"og:url\" content=\"https:\/\/well-tax.com\/fr\/a-propos-de-nous\/notre-histoire\/\" \/>\n<meta property=\"og:site_name\" content=\"WellTax\" \/>\n<meta property=\"article:publisher\" content=\"https:\/\/www.facebook.com\/welltaxlimited\/\" \/>\n<meta property=\"article:modified_time\" content=\"2024-10-10T14:01:33+00:00\" \/>\n<meta property=\"og:image\" content=\"https:\/\/well-tax.com\/wp-content\/uploads\/2023\/06\/our-story.jpg\" \/>\n\t<meta property=\"og:image:width\" content=\"1920\" \/>\n\t<meta property=\"og:image:height\" content=\"800\" \/>\n\t<meta property=\"og:image:type\" content=\"image\/jpeg\" \/>\n<meta name=\"twitter:card\" content=\"summary_large_image\" \/>\n<meta name=\"twitter:label1\" content=\"Dur\u00e9e de lecture estim\u00e9e\" \/>\n\t<meta name=\"twitter:data1\" content=\"1 minute\" \/>\n<script type=\"application\/ld+json\" class=\"yoast-schema-graph\">{\"@context\":\"https:\\\/\\\/schema.org\",\"@graph\":[{\"@type\":\"WebPage\",\"@id\":\"https:\\\/\\\/well-tax.com\\\/about-us\\\/our-story\\\/\",\"url\":\"https:\\\/\\\/well-tax.com\\\/about-us\\\/our-story\\\/\",\"name\":\"Our Story - WellTax\",\"isPartOf\":{\"@id\":\"https:\\\/\\\/well-tax.com\\\/#website\"},\"primaryImageOfPage\":{\"@id\":\"https:\\\/\\\/well-tax.com\\\/about-us\\\/our-story\\\/#primaryimage\"},\"image\":{\"@id\":\"https:\\\/\\\/well-tax.com\\\/about-us\\\/our-story\\\/#primaryimage\"},\"thumbnailUrl\":\"https:\\\/\\\/well-tax.com\\\/wp-content\\\/uploads\\\/2023\\\/06\\\/our-story.jpg\",\"datePublished\":\"2023-06-30T09:34:31+00:00\",\"dateModified\":\"2024-10-10T14:01:33+00:00\",\"description\":\"Dynamic growth, global reach, tailored financial solutions for success.\",\"breadcrumb\":{\"@id\":\"https:\\\/\\\/well-tax.com\\\/about-us\\\/our-story\\\/#breadcrumb\"},\"inLanguage\":\"fr-FR\",\"potentialAction\":[{\"@type\":\"ReadAction\",\"target\":[\"https:\\\/\\\/well-tax.com\\\/about-us\\\/our-story\\\/\"]}]},{\"@type\":\"ImageObject\",\"inLanguage\":\"fr-FR\",\"@id\":\"https:\\\/\\\/well-tax.com\\\/about-us\\\/our-story\\\/#primaryimage\",\"url\":\"https:\\\/\\\/well-tax.com\\\/wp-content\\\/uploads\\\/2023\\\/06\\\/our-story.jpg\",\"contentUrl\":\"https:\\\/\\\/well-tax.com\\\/wp-content\\\/uploads\\\/2023\\\/06\\\/our-story.jpg\",\"width\":1920,\"height\":800},{\"@type\":\"BreadcrumbList\",\"@id\":\"https:\\\/\\\/well-tax.com\\\/about-us\\\/our-story\\\/#breadcrumb\",\"itemListElement\":[{\"@type\":\"ListItem\",\"position\":1,\"name\":\"Home\",\"item\":\"https:\\\/\\\/well-tax.com\\\/\"},{\"@type\":\"ListItem\",\"position\":2,\"name\":\"About Us\",\"item\":\"https:\\\/\\\/well-tax.com\\\/about-us\\\/\"},{\"@type\":\"ListItem\",\"position\":3,\"name\":\"Our Story\"}]},{\"@type\":\"WebSite\",\"@id\":\"https:\\\/\\\/well-tax.com\\\/#website\",\"url\":\"https:\\\/\\\/well-tax.com\\\/\",\"name\":\"WellTax\",\"description\":\"Accountants and Tax Advisors in UK and UAE\",\"publisher\":{\"@id\":\"https:\\\/\\\/well-tax.com\\\/#organization\"},\"potentialAction\":[{\"@type\":\"SearchAction\",\"target\":{\"@type\":\"EntryPoint\",\"urlTemplate\":\"https:\\\/\\\/well-tax.com\\\/?s={search_term_string}\"},\"query-input\":{\"@type\":\"PropertyValueSpecification\",\"valueRequired\":true,\"valueName\":\"search_term_string\"}}],\"inLanguage\":\"fr-FR\"},{\"@type\":\"Organization\",\"@id\":\"https:\\\/\\\/well-tax.com\\\/#organization\",\"name\":\"WellTax\",\"url\":\"https:\\\/\\\/well-tax.com\\\/\",\"logo\":{\"@type\":\"ImageObject\",\"inLanguage\":\"fr-FR\",\"@id\":\"https:\\\/\\\/well-tax.com\\\/#\\\/schema\\\/logo\\\/image\\\/\",\"url\":\"https:\\\/\\\/well-tax.com\\\/wp-content\\\/uploads\\\/2023\\\/06\\\/favicon.svg\",\"contentUrl\":\"https:\\\/\\\/well-tax.com\\\/wp-content\\\/uploads\\\/2023\\\/06\\\/favicon.svg\",\"width\":40,\"height\":35,\"caption\":\"WellTax\"},\"image\":{\"@id\":\"https:\\\/\\\/well-tax.com\\\/#\\\/schema\\\/logo\\\/image\\\/\"},\"sameAs\":[\"https:\\\/\\\/www.facebook.com\\\/welltaxlimited\\\/\"]}]}<\/script>\n<!-- \/ Yoast SEO plugin. -->","yoast_head_json":{"title":"Notre histoire - WellTax","description":"Une croissance dynamique, une envergure mondiale, des solutions financi\u00e8res sur mesure \u00e0 la recherche du succ\u00e8s.","robots":{"index":"index","follow":"follow","max-snippet":"max-snippet:-1","max-image-preview":"max-image-preview:large","max-video-preview":"max-video-preview:-1"},"canonical":"https:\/\/well-tax.com\/fr\/a-propos-de-nous\/notre-histoire\/","og_locale":"fr_FR","og_type":"article","og_title":"Our Story - WellTax","og_description":"Dynamic growth, global reach, tailored financial solutions for success.","og_url":"https:\/\/well-tax.com\/fr\/a-propos-de-nous\/notre-histoire\/","og_site_name":"WellTax","article_publisher":"https:\/\/www.facebook.com\/welltaxlimited\/","article_modified_time":"2024-10-10T14:01:33+00:00","og_image":[{"width":1920,"height":800,"url":"https:\/\/well-tax.com\/wp-content\/uploads\/2023\/06\/our-story.jpg","type":"image\/jpeg"}],"twitter_card":"summary_large_image","twitter_misc":{"Dur\u00e9e de lecture estim\u00e9e":"1 minute"},"schema":{"@context":"https:\/\/schema.org","@graph":[{"@type":"WebPage","@id":"https:\/\/well-tax.com\/about-us\/our-story\/","url":"https:\/\/well-tax.com\/about-us\/our-story\/","name":"Notre histoire - WellTax","isPartOf":{"@id":"https:\/\/well-tax.com\/#website"},"primaryImageOfPage":{"@id":"https:\/\/well-tax.com\/about-us\/our-story\/#primaryimage"},"image":{"@id":"https:\/\/well-tax.com\/about-us\/our-story\/#primaryimage"},"thumbnailUrl":"https:\/\/well-tax.com\/wp-content\/uploads\/2023\/06\/our-story.jpg","datePublished":"2023-06-30T09:34:31+00:00","dateModified":"2024-10-10T14:01:33+00:00","description":"Une croissance dynamique, une envergure mondiale, des solutions financi\u00e8res sur mesure \u00e0 la recherche du succ\u00e8s.","breadcrumb":{"@id":"https:\/\/well-tax.com\/about-us\/our-story\/#breadcrumb"},"inLanguage":"fr-FR","potentialAction":[{"@type":"ReadAction","target":["https:\/\/well-tax.com\/about-us\/our-story\/"]}]},{"@type":"ImageObject","inLanguage":"fr-FR","@id":"https:\/\/well-tax.com\/about-us\/our-story\/#primaryimage","url":"https:\/\/well-tax.com\/wp-content\/uploads\/2023\/06\/our-story.jpg","contentUrl":"https:\/\/well-tax.com\/wp-content\/uploads\/2023\/06\/our-story.jpg","width":1920,"height":800},{"@type":"BreadcrumbList","@id":"https:\/\/well-tax.com\/about-us\/our-story\/#breadcrumb","itemListElement":[{"@type":"ListItem","position":1,"name":"Home","item":"https:\/\/well-tax.com\/"},{"@type":"ListItem","position":2,"name":"About Us","item":"https:\/\/well-tax.com\/about-us\/"},{"@type":"ListItem","position":3,"name":"Our Story"}]},{"@type":"WebSite","@id":"https:\/\/well-tax.com\/#website","url":"https:\/\/well-tax.com\/","name":"WellTax","description":"Comptables et conseillers fiscaux au Royaume-Uni et aux \u00c9mirats arabes unis","publisher":{"@id":"https:\/\/well-tax.com\/#organization"},"potentialAction":[{"@type":"SearchAction","target":{"@type":"EntryPoint","urlTemplate":"https:\/\/well-tax.com\/?s={search_term_string}"},"query-input":{"@type":"PropertyValueSpecification","valueRequired":true,"valueName":"search_term_string"}}],"inLanguage":"fr-FR"},{"@type":"Organization","@id":"https:\/\/well-tax.com\/#organization","name":"WellTax","url":"https:\/\/well-tax.com\/","logo":{"@type":"ImageObject","inLanguage":"fr-FR","@id":"https:\/\/well-tax.com\/#\/schema\/logo\/image\/","url":"https:\/\/well-tax.com\/wp-content\/uploads\/2023\/06\/favicon.svg","contentUrl":"https:\/\/well-tax.com\/wp-content\/uploads\/2023\/06\/favicon.svg","width":40,"height":35,"caption":"WellTax"},"image":{"@id":"https:\/\/well-tax.com\/#\/schema\/logo\/image\/"},"sameAs":["https:\/\/www.facebook.com\/welltaxlimited\/"]}]}},"_links":{"self":[{"href":"https:\/\/well-tax.com\/fr\/wp-json\/wp\/v2\/pages\/886","targetHints":{"allow":["GET"]}}],"collection":[{"href":"https:\/\/well-tax.com\/fr\/wp-json\/wp\/v2\/pages"}],"about":[{"href":"https:\/\/well-tax.com\/fr\/wp-json\/wp\/v2\/types\/page"}],"author":[{"embeddable":true,"href":"https:\/\/well-tax.com\/fr\/wp-json\/wp\/v2\/users\/1"}],"replies":[{"embeddable":true,"href":"https:\/\/well-tax.com\/fr\/wp-json\/wp\/v2\/comments?post=886"}],"version-history":[{"count":33,"href":"https:\/\/well-tax.com\/fr\/wp-json\/wp\/v2\/pages\/886\/revisions"}],"predecessor-version":[{"id":5374,"href":"https:\/\/well-tax.com\/fr\/wp-json\/wp\/v2\/pages\/886\/revisions\/5374"}],"up":[{"embeddable":true,"href":"https:\/\/well-tax.com\/fr\/wp-json\/wp\/v2\/pages\/128"}],"wp:featuredmedia":[{"embeddable":true,"href":"https:\/\/well-tax.com\/fr\/wp-json\/wp\/v2\/media\/893"}],"wp:attachment":[{"href":"https:\/\/well-tax.com\/fr\/wp-json\/wp\/v2\/media?parent=886"}],"curies":[{"name":"wp","href":"https:\/\/api.w.org\/{rel}","templated":true}]}}