{"id":883,"date":"2023-06-30T10:33:19","date_gmt":"2023-06-30T09:33:19","guid":{"rendered":"https:\/\/well-tax.com\/?page_id=883"},"modified":"2023-10-05T09:48:02","modified_gmt":"2023-10-05T08:48:02","slug":"nos-valeurs","status":"publish","type":"page","link":"https:\/\/well-tax.com\/fr\/about-us\/our-values\/","title":{"rendered":"Nos Valeurs"},"content":{"rendered":"<div data-elementor-type=\"wp-page\" data-elementor-id=\"883\" class=\"elementor elementor-883\" data-elementor-post-type=\"page\">\n\t\t\t\t\t\t<section class=\"elementor-section elementor-top-section elementor-element elementor-element-d1a9d96 hero-gradient-overlay elementor-section-boxed elementor-section-height-default elementor-section-height-default\" data-id=\"d1a9d96\" data-element_type=\"section\" data-e-type=\"section\" data-settings=\"{&quot;background_background&quot;:&quot;classic&quot;,&quot;jet_parallax_layout_list&quot;:[]}\">\n\t\t\t\t\t\t\t<div class=\"elementor-background-overlay\"><\/div>\n\t\t\t\t\t\t\t<div class=\"elementor-container elementor-column-gap-default\">\n\t\t\t\t\t<div class=\"elementor-column elementor-col-100 elementor-top-column elementor-element elementor-element-5ee0fa1\" data-id=\"5ee0fa1\" data-element_type=\"column\" data-e-type=\"column\">\n\t\t\t<div class=\"elementor-widget-wrap elementor-element-populated\">\n\t\t\t\t\t\t<section class=\"elementor-section elementor-inner-section elementor-element elementor-element-b56f627 elementor-reverse-mobile elementor-section-boxed elementor-section-height-default elementor-section-height-default\" data-id=\"b56f627\" data-element_type=\"section\" data-e-type=\"section\" data-settings=\"{&quot;jet_parallax_layout_list&quot;:[]}\">\n\t\t\t\t\t\t<div class=\"elementor-container elementor-column-gap-default\">\n\t\t\t\t\t<div class=\"elementor-column elementor-col-50 elementor-inner-column elementor-element elementor-element-80fdf0d\" data-id=\"80fdf0d\" data-element_type=\"column\" data-e-type=\"column\">\n\t\t\t<div class=\"elementor-widget-wrap elementor-element-populated\">\n\t\t\t\t\t\t<div class=\"elementor-element elementor-element-963f3f4 elementor-widget elementor-widget-image\" data-id=\"963f3f4\" data-element_type=\"widget\" data-e-type=\"widget\" data-widget_type=\"image.default\">\n\t\t\t\t<div class=\"elementor-widget-container\">\n\t\t\t\t\t\t\t\t\t\t\t\t\t\t\t<img fetchpriority=\"high\" decoding=\"async\" width=\"502\" height=\"439\" src=\"https:\/\/well-tax.com\/wp-content\/uploads\/2023\/06\/welltax-symbol-white.svg\" class=\"attachment-large size-large wp-image-160\" alt=\"\" \/>\t\t\t\t\t\t\t\t\t\t\t\t\t\t\t<\/div>\n\t\t\t\t<\/div>\n\t\t\t\t\t<\/div>\n\t\t<\/div>\n\t\t\t\t<div class=\"elementor-column elementor-col-50 elementor-inner-column elementor-element elementor-element-0dec3c3\" data-id=\"0dec3c3\" data-element_type=\"column\" data-e-type=\"column\">\n\t\t\t<div class=\"elementor-widget-wrap elementor-element-populated\">\n\t\t\t\t\t\t<div class=\"elementor-element elementor-element-99c3e00 elementor-widget elementor-widget-heading\" data-id=\"99c3e00\" data-element_type=\"widget\" data-e-type=\"widget\" data-widget_type=\"heading.default\">\n\t\t\t\t<div class=\"elementor-widget-container\">\n\t\t\t\t\t<h2 class=\"elementor-heading-title elementor-size-default\">Nous vous aidons \u00e0 prosp\u00e9rer dans un monde en constante \u00e9volution.<\/h2>\t\t\t\t<\/div>\n\t\t\t\t<\/div>\n\t\t\t\t\t<\/div>\n\t\t<\/div>\n\t\t\t\t\t<\/div>\n\t\t<\/section>\n\t\t\t\t<div class=\"elementor-element elementor-element-d31efc8 elementor-hidden-mobile elementor-widget-divider--view-line elementor-widget elementor-widget-divider\" data-id=\"d31efc8\" data-element_type=\"widget\" data-e-type=\"widget\" data-widget_type=\"divider.default\">\n\t\t\t\t<div class=\"elementor-widget-container\">\n\t\t\t\t\t\t\t<div class=\"elementor-divider\">\n\t\t\t<span class=\"elementor-divider-separator\">\n\t\t\t\t\t\t<\/span>\n\t\t<\/div>\n\t\t\t\t\t\t<\/div>\n\t\t\t\t<\/div>\n\t\t\t\t<div class=\"elementor-element elementor-element-6003965 elementor-hidden-mobile elementor-widget elementor-widget-spacer\" data-id=\"6003965\" data-element_type=\"widget\" data-e-type=\"widget\" data-widget_type=\"spacer.default\">\n\t\t\t\t<div class=\"elementor-widget-container\">\n\t\t\t\t\t\t\t<div class=\"elementor-spacer\">\n\t\t\t<div class=\"elementor-spacer-inner\"><\/div>\n\t\t<\/div>\n\t\t\t\t\t\t<\/div>\n\t\t\t\t<\/div>\n\t\t\t\t\t<\/div>\n\t\t<\/div>\n\t\t\t\t\t<\/div>\n\t\t<\/section>\n\t\t\t\t<section class=\"elementor-section elementor-top-section elementor-element elementor-element-b0a8d7b elementor-section-height-min-height services elementor-section-boxed elementor-section-height-default elementor-section-items-middle\" data-id=\"b0a8d7b\" data-element_type=\"section\" data-e-type=\"section\" data-settings=\"{&quot;background_background&quot;:&quot;classic&quot;,&quot;jet_parallax_layout_list&quot;:[]}\">\n\t\t\t\t\t\t<div class=\"elementor-container elementor-column-gap-default\">\n\t\t\t\t\t<div class=\"elementor-column elementor-col-100 elementor-top-column elementor-element elementor-element-ba4aed1\" data-id=\"ba4aed1\" data-element_type=\"column\" data-e-type=\"column\">\n\t\t\t<div class=\"elementor-widget-wrap elementor-element-populated\">\n\t\t\t\t\t\t<div class=\"elementor-element elementor-element-9379293 elementor-widget elementor-widget-breadcrumbs\" data-id=\"9379293\" data-element_type=\"widget\" data-e-type=\"widget\" data-widget_type=\"breadcrumbs.default\">\n\t\t\t\t<div class=\"elementor-widget-container\">\n\t\t\t\t\t<p id=\"breadcrumbs\"><span><span><a href=\"https:\/\/well-tax.com\/fr\/\">Accueil<\/a><\/span><\/span><\/p>\t\t\t\t<\/div>\n\t\t\t\t<\/div>\n\t\t\t\t<div class=\"elementor-element elementor-element-72977ec elementor-widget elementor-widget-heading\" data-id=\"72977ec\" data-element_type=\"widget\" data-e-type=\"widget\" data-widget_type=\"heading.default\">\n\t\t\t\t<div class=\"elementor-widget-container\">\n\t\t\t\t\t<h1 class=\"elementor-heading-title elementor-size-default\">Nos Valeurs<\/h1>\t\t\t\t<\/div>\n\t\t\t\t<\/div>\n\t\t\t\t<section class=\"elementor-section elementor-inner-section elementor-element elementor-element-9bfbf82 elementor-section-boxed elementor-section-height-default elementor-section-height-default\" data-id=\"9bfbf82\" data-element_type=\"section\" data-e-type=\"section\" data-settings=\"{&quot;jet_parallax_layout_list&quot;:[]}\">\n\t\t\t\t\t\t<div class=\"elementor-container elementor-column-gap-default\">\n\t\t\t\t\t<div class=\"elementor-column elementor-col-50 elementor-inner-column elementor-element elementor-element-e80610d\" data-id=\"e80610d\" data-element_type=\"column\" data-e-type=\"column\">\n\t\t\t<div class=\"elementor-widget-wrap elementor-element-populated\">\n\t\t\t\t\t\t<div class=\"elementor-element elementor-element-65fae22 elementor-widget elementor-widget-text-editor\" data-id=\"65fae22\" data-element_type=\"widget\" data-e-type=\"widget\" data-widget_type=\"text-editor.default\">\n\t\t\t\t<div class=\"elementor-widget-container\">\n\t\t\t\t\t\t\t\t\t<p><strong>Nous visons \u00e0 contribuer pleinement \u00e0 la r\u00e9ussite future de nos clients en les guidant \u00e0 travers les d\u00e9fis de demain.<\/strong><\/p><p>Nous travaillons avec des entrepreneurs, des entreprises de taille moyenne qui aspirent \u00e0 se d\u00e9velopper, et des clients priv\u00e9s. Quelles que soient vos ambitions ou votre taille, nous vous proposons une approche unique et des solutions sur mesure pour r\u00e9pondre \u00e0 vos exigences sp\u00e9cifiques.<\/p><p>Notre \u00e9quipe de professionnels qualifi\u00e9s, la taille de notre cabinet, notre structure et nos valeurs garantissent \u00e0 nos clients de recevoir des conseils d\u2019experts ainsi qu\u2019un service personnalis\u00e9. Notre priorit\u00e9 est de comprendre les besoins et les ambitions de nos clients afin de les aider \u00e0 prendre des d\u00e9cisions \u00e9clair\u00e9es et cr\u00e9atrices de valeur \u00e0 long terme. Notre engagement est la raison pour laquelle nos clients continuent de faire appel \u00e0 nous au fil des ans.<\/p><p>Chez WellTax, nous sommes fiers de notre expertise et de nos connaissances techniques, mais ce qui nous motive v\u00e9ritablement, c\u2019est d\u2019\u00e9tablir des liens authentiques entre notre \u00e9quipe et nos clients.<\/p>\t\t\t\t\t\t\t\t<\/div>\n\t\t\t\t<\/div>\n\t\t\t\t\t<\/div>\n\t\t<\/div>\n\t\t\t\t<div class=\"elementor-column elementor-col-50 elementor-inner-column elementor-element elementor-element-13b5c73\" data-id=\"13b5c73\" data-element_type=\"column\" data-e-type=\"column\">\n\t\t\t<div class=\"elementor-widget-wrap elementor-element-populated\">\n\t\t\t\t\t\t<div class=\"elementor-element elementor-element-1a33726 elementor-widget elementor-widget-heading\" data-id=\"1a33726\" data-element_type=\"widget\" data-e-type=\"widget\" data-widget_type=\"heading.default\">\n\t\t\t\t<div class=\"elementor-widget-container\">\n\t\t\t\t\t<h2 class=\"elementor-heading-title elementor-size-default\">En savoir plus sur WellTax<\/h2>\t\t\t\t<\/div>\n\t\t\t\t<\/div>\n\t\t\t\t<div class=\"elementor-element elementor-element-c951a75 more-about elementor-list-item-link-full_width elementor-widget elementor-widget-icon-list\" data-id=\"c951a75\" data-element_type=\"widget\" data-e-type=\"widget\" data-widget_type=\"icon-list.default\">\n\t\t\t\t<div class=\"elementor-widget-container\">\n\t\t\t\t\t\t\t<ul class=\"elementor-icon-list-items\">\n\t\t\t\t\t\t\t<li class=\"elementor-icon-list-item\">\n\t\t\t\t\t\t\t\t\t\t\t<a href=\"https:\/\/well-tax.com\/fr\/a-propos-de-nous\/\">\n\n\t\t\t\t\t\t\t\t\t\t\t\t<span class=\"elementor-icon-list-icon\">\n\t\t\t\t\t\t\t<svg xmlns=\"http:\/\/www.w3.org\/2000\/svg\" xmlns:xlink=\"http:\/\/www.w3.org\/1999\/xlink\" id=\"Layer_1\" x=\"0px\" y=\"0px\" viewbox=\"0 0 20 21\" style=\"enable-background:new 0 0 20 21;\" xml:space=\"preserve\"><style type=\"text\/css\">\t.st0{fill:#E8423B;}<\/style><path class=\"st0\" d=\"M20,10.7c0.1-0.1,0.1-0.2,0-0.4c0-0.1-0.1-0.1-0.1-0.2l-9.5-9.5c-0.2-0.2-0.5-0.2-0.7,0c-0.2,0.2-0.2,0.5,0,0.7 l8.7,8.7H0.5C0.2,10,0,10.2,0,10.5C0,10.8,0.2,11,0.5,11h17.9l-8.7,8.7c-0.2,0.2-0.2,0.5,0,0.7c0.1,0.1,0.2,0.1,0.3,0.1 s0.2,0,0.3-0.1l9.5-9.5C19.9,10.8,20,10.7,20,10.7L20,10.7z\"><\/path><\/svg>\t\t\t\t\t\t<\/span>\n\t\t\t\t\t\t\t\t\t\t<span class=\"elementor-icon-list-text\">\u00c0 Propos de Nous<\/span>\n\t\t\t\t\t\t\t\t\t\t\t<\/a>\n\t\t\t\t\t\t\t\t\t<\/li>\n\t\t\t\t\t\t\t\t<li class=\"elementor-icon-list-item\">\n\t\t\t\t\t\t\t\t\t\t\t<a href=\"https:\/\/well-tax.com\/fr\/a-propos-de-nous\/notre-histoire\/\">\n\n\t\t\t\t\t\t\t\t\t\t\t\t<span class=\"elementor-icon-list-icon\">\n\t\t\t\t\t\t\t<svg xmlns=\"http:\/\/www.w3.org\/2000\/svg\" xmlns:xlink=\"http:\/\/www.w3.org\/1999\/xlink\" id=\"Layer_1\" x=\"0px\" y=\"0px\" viewbox=\"0 0 20 21\" style=\"enable-background:new 0 0 20 21;\" xml:space=\"preserve\"><style type=\"text\/css\">\t.st0{fill:#E8423B;}<\/style><path class=\"st0\" d=\"M20,10.7c0.1-0.1,0.1-0.2,0-0.4c0-0.1-0.1-0.1-0.1-0.2l-9.5-9.5c-0.2-0.2-0.5-0.2-0.7,0c-0.2,0.2-0.2,0.5,0,0.7 l8.7,8.7H0.5C0.2,10,0,10.2,0,10.5C0,10.8,0.2,11,0.5,11h17.9l-8.7,8.7c-0.2,0.2-0.2,0.5,0,0.7c0.1,0.1,0.2,0.1,0.3,0.1 s0.2,0,0.3-0.1l9.5-9.5C19.9,10.8,20,10.7,20,10.7L20,10.7z\"><\/path><\/svg>\t\t\t\t\t\t<\/span>\n\t\t\t\t\t\t\t\t\t\t<span class=\"elementor-icon-list-text\">Notre Histoire<\/span>\n\t\t\t\t\t\t\t\t\t\t\t<\/a>\n\t\t\t\t\t\t\t\t\t<\/li>\n\t\t\t\t\t\t\t\t<li class=\"elementor-icon-list-item\">\n\t\t\t\t\t\t\t\t\t\t\t<a href=\"https:\/\/well-tax.com\/fr\/a-propos-de-nous\/carrieres\/\">\n\n\t\t\t\t\t\t\t\t\t\t\t\t<span class=\"elementor-icon-list-icon\">\n\t\t\t\t\t\t\t<svg xmlns=\"http:\/\/www.w3.org\/2000\/svg\" xmlns:xlink=\"http:\/\/www.w3.org\/1999\/xlink\" id=\"Layer_1\" x=\"0px\" y=\"0px\" viewbox=\"0 0 20 21\" style=\"enable-background:new 0 0 20 21;\" xml:space=\"preserve\"><style type=\"text\/css\">\t.st0{fill:#E8423B;}<\/style><path class=\"st0\" d=\"M20,10.7c0.1-0.1,0.1-0.2,0-0.4c0-0.1-0.1-0.1-0.1-0.2l-9.5-9.5c-0.2-0.2-0.5-0.2-0.7,0c-0.2,0.2-0.2,0.5,0,0.7 l8.7,8.7H0.5C0.2,10,0,10.2,0,10.5C0,10.8,0.2,11,0.5,11h17.9l-8.7,8.7c-0.2,0.2-0.2,0.5,0,0.7c0.1,0.1,0.2,0.1,0.3,0.1 s0.2,0,0.3-0.1l9.5-9.5C19.9,10.8,20,10.7,20,10.7L20,10.7z\"><\/path><\/svg>\t\t\t\t\t\t<\/span>\n\t\t\t\t\t\t\t\t\t\t<span class=\"elementor-icon-list-text\">Recrutement<\/span>\n\t\t\t\t\t\t\t\t\t\t\t<\/a>\n\t\t\t\t\t\t\t\t\t<\/li>\n\t\t\t\t\t\t<\/ul>\n\t\t\t\t\t\t<\/div>\n\t\t\t\t<\/div>\n\t\t\t\t\t<\/div>\n\t\t<\/div>\n\t\t\t\t\t<\/div>\n\t\t<\/section>\n\t\t\t\t\t<\/div>\n\t\t<\/div>\n\t\t\t\t\t<\/div>\n\t\t<\/section>\n\t\t\t\t<\/div>","protected":false},"excerpt":{"rendered":"<p>Helping you prosper in a dynamic world. Our Values We aim to be an integral part to our clients\u2019 future achievement by guiding them through tomorrow\u2019s challenges. We work with entrepreneurial owner-managed businesses, medium-sized enterprises with growth aspiration and private clients. Regardless of your size or ambitions, we bring our unique approach and customised solutions [&hellip;]<\/p>\n","protected":false},"author":1,"featured_media":898,"parent":128,"menu_order":0,"comment_status":"closed","ping_status":"closed","template":"elementor_header_footer","meta":{"footnotes":""},"class_list":["post-883","page","type-page","status-publish","has-post-thumbnail","hentry"],"yoast_head":"<!-- This site is optimized with the Yoast SEO plugin v27.3 - https:\/\/yoast.com\/product\/yoast-seo-wordpress\/ -->\n<title>Our Values - WellTax<\/title>\n<meta name=\"description\" content=\"We aim to be an integral part to our clients\u2019 future achievement by guiding them through tomorrow\u2019s challenges.\" \/>\n<meta name=\"robots\" content=\"index, follow, max-snippet:-1, max-image-preview:large, max-video-preview:-1\" \/>\n<link rel=\"canonical\" href=\"https:\/\/well-tax.com\/fr\/a-propos-de-nous\/nos-valeurs\/\" \/>\n<meta property=\"og:locale\" content=\"fr_FR\" \/>\n<meta property=\"og:type\" content=\"article\" \/>\n<meta property=\"og:title\" content=\"Our Values - WellTax\" \/>\n<meta property=\"og:description\" content=\"We aim to be an integral part to our clients\u2019 future achievement by guiding them through tomorrow\u2019s challenges.\" \/>\n<meta property=\"og:url\" content=\"https:\/\/well-tax.com\/fr\/a-propos-de-nous\/nos-valeurs\/\" \/>\n<meta property=\"og:site_name\" content=\"WellTax\" \/>\n<meta property=\"article:publisher\" content=\"https:\/\/www.facebook.com\/welltaxlimited\/\" \/>\n<meta property=\"article:modified_time\" content=\"2023-10-05T08:48:02+00:00\" \/>\n<meta property=\"og:image\" content=\"https:\/\/well-tax.com\/wp-content\/uploads\/2023\/06\/our-values.jpg\" \/>\n\t<meta property=\"og:image:width\" content=\"1920\" \/>\n\t<meta property=\"og:image:height\" content=\"800\" \/>\n\t<meta property=\"og:image:type\" content=\"image\/jpeg\" \/>\n<meta name=\"twitter:card\" content=\"summary_large_image\" \/>\n<meta name=\"twitter:label1\" content=\"Dur\u00e9e de lecture estim\u00e9e\" \/>\n\t<meta name=\"twitter:data1\" content=\"1 minute\" \/>\n<script type=\"application\/ld+json\" class=\"yoast-schema-graph\">{\"@context\":\"https:\\\/\\\/schema.org\",\"@graph\":[{\"@type\":\"WebPage\",\"@id\":\"https:\\\/\\\/well-tax.com\\\/about-us\\\/our-values\\\/\",\"url\":\"https:\\\/\\\/well-tax.com\\\/about-us\\\/our-values\\\/\",\"name\":\"Our Values - WellTax\",\"isPartOf\":{\"@id\":\"https:\\\/\\\/well-tax.com\\\/#website\"},\"primaryImageOfPage\":{\"@id\":\"https:\\\/\\\/well-tax.com\\\/about-us\\\/our-values\\\/#primaryimage\"},\"image\":{\"@id\":\"https:\\\/\\\/well-tax.com\\\/about-us\\\/our-values\\\/#primaryimage\"},\"thumbnailUrl\":\"https:\\\/\\\/well-tax.com\\\/wp-content\\\/uploads\\\/2023\\\/06\\\/our-values.jpg\",\"datePublished\":\"2023-06-30T09:33:19+00:00\",\"dateModified\":\"2023-10-05T08:48:02+00:00\",\"description\":\"We aim to be an integral part to our clients\u2019 future achievement by guiding them through tomorrow\u2019s challenges.\",\"breadcrumb\":{\"@id\":\"https:\\\/\\\/well-tax.com\\\/about-us\\\/our-values\\\/#breadcrumb\"},\"inLanguage\":\"fr-FR\",\"potentialAction\":[{\"@type\":\"ReadAction\",\"target\":[\"https:\\\/\\\/well-tax.com\\\/about-us\\\/our-values\\\/\"]}]},{\"@type\":\"ImageObject\",\"inLanguage\":\"fr-FR\",\"@id\":\"https:\\\/\\\/well-tax.com\\\/about-us\\\/our-values\\\/#primaryimage\",\"url\":\"https:\\\/\\\/well-tax.com\\\/wp-content\\\/uploads\\\/2023\\\/06\\\/our-values.jpg\",\"contentUrl\":\"https:\\\/\\\/well-tax.com\\\/wp-content\\\/uploads\\\/2023\\\/06\\\/our-values.jpg\",\"width\":1920,\"height\":800},{\"@type\":\"BreadcrumbList\",\"@id\":\"https:\\\/\\\/well-tax.com\\\/about-us\\\/our-values\\\/#breadcrumb\",\"itemListElement\":[{\"@type\":\"ListItem\",\"position\":1,\"name\":\"Home\",\"item\":\"https:\\\/\\\/well-tax.com\\\/\"},{\"@type\":\"ListItem\",\"position\":2,\"name\":\"About Us\",\"item\":\"https:\\\/\\\/well-tax.com\\\/about-us\\\/\"},{\"@type\":\"ListItem\",\"position\":3,\"name\":\"Our Values\"}]},{\"@type\":\"WebSite\",\"@id\":\"https:\\\/\\\/well-tax.com\\\/#website\",\"url\":\"https:\\\/\\\/well-tax.com\\\/\",\"name\":\"WellTax\",\"description\":\"Accountants and Tax Advisors in UK and UAE\",\"publisher\":{\"@id\":\"https:\\\/\\\/well-tax.com\\\/#organization\"},\"potentialAction\":[{\"@type\":\"SearchAction\",\"target\":{\"@type\":\"EntryPoint\",\"urlTemplate\":\"https:\\\/\\\/well-tax.com\\\/?s={search_term_string}\"},\"query-input\":{\"@type\":\"PropertyValueSpecification\",\"valueRequired\":true,\"valueName\":\"search_term_string\"}}],\"inLanguage\":\"fr-FR\"},{\"@type\":\"Organization\",\"@id\":\"https:\\\/\\\/well-tax.com\\\/#organization\",\"name\":\"WellTax\",\"url\":\"https:\\\/\\\/well-tax.com\\\/\",\"logo\":{\"@type\":\"ImageObject\",\"inLanguage\":\"fr-FR\",\"@id\":\"https:\\\/\\\/well-tax.com\\\/#\\\/schema\\\/logo\\\/image\\\/\",\"url\":\"https:\\\/\\\/well-tax.com\\\/wp-content\\\/uploads\\\/2023\\\/06\\\/favicon.svg\",\"contentUrl\":\"https:\\\/\\\/well-tax.com\\\/wp-content\\\/uploads\\\/2023\\\/06\\\/favicon.svg\",\"width\":40,\"height\":35,\"caption\":\"WellTax\"},\"image\":{\"@id\":\"https:\\\/\\\/well-tax.com\\\/#\\\/schema\\\/logo\\\/image\\\/\"},\"sameAs\":[\"https:\\\/\\\/www.facebook.com\\\/welltaxlimited\\\/\"]}]}<\/script>\n<!-- \/ Yoast SEO plugin. -->","yoast_head_json":{"title":"Nos valeurs - WellTax","description":"Nous visons \u00e0 contribuer pleinement \u00e0 la r\u00e9ussite future de nos clients en les guidant \u00e0 travers les d\u00e9fis de demain.","robots":{"index":"index","follow":"follow","max-snippet":"max-snippet:-1","max-image-preview":"max-image-preview:large","max-video-preview":"max-video-preview:-1"},"canonical":"https:\/\/well-tax.com\/fr\/a-propos-de-nous\/nos-valeurs\/","og_locale":"fr_FR","og_type":"article","og_title":"Our Values - WellTax","og_description":"We aim to be an integral part to our clients\u2019 future achievement by guiding them through tomorrow\u2019s challenges.","og_url":"https:\/\/well-tax.com\/fr\/a-propos-de-nous\/nos-valeurs\/","og_site_name":"WellTax","article_publisher":"https:\/\/www.facebook.com\/welltaxlimited\/","article_modified_time":"2023-10-05T08:48:02+00:00","og_image":[{"width":1920,"height":800,"url":"https:\/\/well-tax.com\/wp-content\/uploads\/2023\/06\/our-values.jpg","type":"image\/jpeg"}],"twitter_card":"summary_large_image","twitter_misc":{"Dur\u00e9e de lecture estim\u00e9e":"1 minute"},"schema":{"@context":"https:\/\/schema.org","@graph":[{"@type":"WebPage","@id":"https:\/\/well-tax.com\/about-us\/our-values\/","url":"https:\/\/well-tax.com\/about-us\/our-values\/","name":"Nos valeurs - WellTax","isPartOf":{"@id":"https:\/\/well-tax.com\/#website"},"primaryImageOfPage":{"@id":"https:\/\/well-tax.com\/about-us\/our-values\/#primaryimage"},"image":{"@id":"https:\/\/well-tax.com\/about-us\/our-values\/#primaryimage"},"thumbnailUrl":"https:\/\/well-tax.com\/wp-content\/uploads\/2023\/06\/our-values.jpg","datePublished":"2023-06-30T09:33:19+00:00","dateModified":"2023-10-05T08:48:02+00:00","description":"Nous visons \u00e0 contribuer pleinement \u00e0 la r\u00e9ussite future de nos clients en les guidant \u00e0 travers les d\u00e9fis de demain.","breadcrumb":{"@id":"https:\/\/well-tax.com\/about-us\/our-values\/#breadcrumb"},"inLanguage":"fr-FR","potentialAction":[{"@type":"ReadAction","target":["https:\/\/well-tax.com\/about-us\/our-values\/"]}]},{"@type":"ImageObject","inLanguage":"fr-FR","@id":"https:\/\/well-tax.com\/about-us\/our-values\/#primaryimage","url":"https:\/\/well-tax.com\/wp-content\/uploads\/2023\/06\/our-values.jpg","contentUrl":"https:\/\/well-tax.com\/wp-content\/uploads\/2023\/06\/our-values.jpg","width":1920,"height":800},{"@type":"BreadcrumbList","@id":"https:\/\/well-tax.com\/about-us\/our-values\/#breadcrumb","itemListElement":[{"@type":"ListItem","position":1,"name":"Home","item":"https:\/\/well-tax.com\/"},{"@type":"ListItem","position":2,"name":"About Us","item":"https:\/\/well-tax.com\/about-us\/"},{"@type":"ListItem","position":3,"name":"Our Values"}]},{"@type":"WebSite","@id":"https:\/\/well-tax.com\/#website","url":"https:\/\/well-tax.com\/","name":"WellTax","description":"Comptables et conseillers fiscaux au Royaume-Uni et aux \u00c9mirats arabes unis","publisher":{"@id":"https:\/\/well-tax.com\/#organization"},"potentialAction":[{"@type":"SearchAction","target":{"@type":"EntryPoint","urlTemplate":"https:\/\/well-tax.com\/?s={search_term_string}"},"query-input":{"@type":"PropertyValueSpecification","valueRequired":true,"valueName":"search_term_string"}}],"inLanguage":"fr-FR"},{"@type":"Organization","@id":"https:\/\/well-tax.com\/#organization","name":"WellTax","url":"https:\/\/well-tax.com\/","logo":{"@type":"ImageObject","inLanguage":"fr-FR","@id":"https:\/\/well-tax.com\/#\/schema\/logo\/image\/","url":"https:\/\/well-tax.com\/wp-content\/uploads\/2023\/06\/favicon.svg","contentUrl":"https:\/\/well-tax.com\/wp-content\/uploads\/2023\/06\/favicon.svg","width":40,"height":35,"caption":"WellTax"},"image":{"@id":"https:\/\/well-tax.com\/#\/schema\/logo\/image\/"},"sameAs":["https:\/\/www.facebook.com\/welltaxlimited\/"]}]}},"_links":{"self":[{"href":"https:\/\/well-tax.com\/fr\/wp-json\/wp\/v2\/pages\/883","targetHints":{"allow":["GET"]}}],"collection":[{"href":"https:\/\/well-tax.com\/fr\/wp-json\/wp\/v2\/pages"}],"about":[{"href":"https:\/\/well-tax.com\/fr\/wp-json\/wp\/v2\/types\/page"}],"author":[{"embeddable":true,"href":"https:\/\/well-tax.com\/fr\/wp-json\/wp\/v2\/users\/1"}],"replies":[{"embeddable":true,"href":"https:\/\/well-tax.com\/fr\/wp-json\/wp\/v2\/comments?post=883"}],"version-history":[{"count":27,"href":"https:\/\/well-tax.com\/fr\/wp-json\/wp\/v2\/pages\/883\/revisions"}],"predecessor-version":[{"id":4676,"href":"https:\/\/well-tax.com\/fr\/wp-json\/wp\/v2\/pages\/883\/revisions\/4676"}],"up":[{"embeddable":true,"href":"https:\/\/well-tax.com\/fr\/wp-json\/wp\/v2\/pages\/128"}],"wp:featuredmedia":[{"embeddable":true,"href":"https:\/\/well-tax.com\/fr\/wp-json\/wp\/v2\/media\/898"}],"wp:attachment":[{"href":"https:\/\/well-tax.com\/fr\/wp-json\/wp\/v2\/media?parent=883"}],"curies":[{"name":"wp","href":"https:\/\/api.w.org\/{rel}","templated":true}]}}