{"id":886,"date":"2023-06-30T10:34:31","date_gmt":"2023-06-30T09:34:31","guid":{"rendered":"https:\/\/well-tax.com\/?page_id=886"},"modified":"2024-10-10T15:01:33","modified_gmt":"2024-10-10T14:01:33","slug":"nuestra-historia","status":"publish","type":"page","link":"https:\/\/well-tax.com\/es\/about-us\/our-story\/","title":{"rendered":"Nuestra Trayectoria"},"content":{"rendered":"<div data-elementor-type=\"wp-page\" data-elementor-id=\"886\" class=\"elementor elementor-886\" data-elementor-post-type=\"page\">\n\t\t\t\t\t\t<section class=\"elementor-section elementor-top-section elementor-element elementor-element-d1a9d96 hero-gradient-overlay elementor-section-boxed elementor-section-height-default elementor-section-height-default\" data-id=\"d1a9d96\" data-element_type=\"section\" data-e-type=\"section\" data-settings=\"{&quot;background_background&quot;:&quot;classic&quot;,&quot;jet_parallax_layout_list&quot;:[]}\">\n\t\t\t\t\t\t\t<div class=\"elementor-background-overlay\"><\/div>\n\t\t\t\t\t\t\t<div class=\"elementor-container elementor-column-gap-default\">\n\t\t\t\t\t<div class=\"elementor-column elementor-col-100 elementor-top-column elementor-element elementor-element-5ee0fa1\" data-id=\"5ee0fa1\" data-element_type=\"column\" data-e-type=\"column\">\n\t\t\t<div class=\"elementor-widget-wrap elementor-element-populated\">\n\t\t\t\t\t\t<section class=\"elementor-section elementor-inner-section elementor-element elementor-element-b56f627 elementor-reverse-mobile elementor-section-boxed elementor-section-height-default elementor-section-height-default\" data-id=\"b56f627\" data-element_type=\"section\" data-e-type=\"section\" data-settings=\"{&quot;jet_parallax_layout_list&quot;:[]}\">\n\t\t\t\t\t\t<div class=\"elementor-container elementor-column-gap-default\">\n\t\t\t\t\t<div class=\"elementor-column elementor-col-50 elementor-inner-column elementor-element elementor-element-80fdf0d\" data-id=\"80fdf0d\" data-element_type=\"column\" data-e-type=\"column\">\n\t\t\t<div class=\"elementor-widget-wrap elementor-element-populated\">\n\t\t\t\t\t\t<div class=\"elementor-element elementor-element-963f3f4 elementor-widget elementor-widget-image\" data-id=\"963f3f4\" data-element_type=\"widget\" data-e-type=\"widget\" data-widget_type=\"image.default\">\n\t\t\t\t<div class=\"elementor-widget-container\">\n\t\t\t\t\t\t\t\t\t\t\t\t\t\t\t<img fetchpriority=\"high\" decoding=\"async\" width=\"502\" height=\"439\" src=\"https:\/\/well-tax.com\/wp-content\/uploads\/2023\/06\/welltax-symbol-white.svg\" class=\"attachment-large size-large wp-image-160\" alt=\"\" \/>\t\t\t\t\t\t\t\t\t\t\t\t\t\t\t<\/div>\n\t\t\t\t<\/div>\n\t\t\t\t\t<\/div>\n\t\t<\/div>\n\t\t\t\t<div class=\"elementor-column elementor-col-50 elementor-inner-column elementor-element elementor-element-0dec3c3\" data-id=\"0dec3c3\" data-element_type=\"column\" data-e-type=\"column\">\n\t\t\t<div class=\"elementor-widget-wrap elementor-element-populated\">\n\t\t\t\t\t\t<div class=\"elementor-element elementor-element-99c3e00 elementor-widget elementor-widget-heading\" data-id=\"99c3e00\" data-element_type=\"widget\" data-e-type=\"widget\" data-widget_type=\"heading.default\">\n\t\t\t\t<div class=\"elementor-widget-container\">\n\t\t\t\t\t<h2 class=\"elementor-heading-title elementor-size-default\">Crecimiento din\u00e1mico, alcance global, soluciones financieras a medida para el \u00e9xito.<\/h2>\t\t\t\t<\/div>\n\t\t\t\t<\/div>\n\t\t\t\t\t<\/div>\n\t\t<\/div>\n\t\t\t\t\t<\/div>\n\t\t<\/section>\n\t\t\t\t<div class=\"elementor-element elementor-element-d31efc8 elementor-hidden-mobile elementor-widget-divider--view-line elementor-widget elementor-widget-divider\" data-id=\"d31efc8\" data-element_type=\"widget\" data-e-type=\"widget\" data-widget_type=\"divider.default\">\n\t\t\t\t<div class=\"elementor-widget-container\">\n\t\t\t\t\t\t\t<div class=\"elementor-divider\">\n\t\t\t<span class=\"elementor-divider-separator\">\n\t\t\t\t\t\t<\/span>\n\t\t<\/div>\n\t\t\t\t\t\t<\/div>\n\t\t\t\t<\/div>\n\t\t\t\t<div class=\"elementor-element elementor-element-6003965 elementor-hidden-mobile elementor-widget elementor-widget-spacer\" data-id=\"6003965\" data-element_type=\"widget\" data-e-type=\"widget\" data-widget_type=\"spacer.default\">\n\t\t\t\t<div class=\"elementor-widget-container\">\n\t\t\t\t\t\t\t<div class=\"elementor-spacer\">\n\t\t\t<div class=\"elementor-spacer-inner\"><\/div>\n\t\t<\/div>\n\t\t\t\t\t\t<\/div>\n\t\t\t\t<\/div>\n\t\t\t\t\t<\/div>\n\t\t<\/div>\n\t\t\t\t\t<\/div>\n\t\t<\/section>\n\t\t\t\t<section class=\"elementor-section elementor-top-section elementor-element elementor-element-b0a8d7b elementor-section-height-min-height services elementor-section-boxed elementor-section-height-default elementor-section-items-middle\" data-id=\"b0a8d7b\" data-element_type=\"section\" data-e-type=\"section\" data-settings=\"{&quot;background_background&quot;:&quot;classic&quot;,&quot;jet_parallax_layout_list&quot;:[]}\">\n\t\t\t\t\t\t<div class=\"elementor-container elementor-column-gap-default\">\n\t\t\t\t\t<div class=\"elementor-column elementor-col-100 elementor-top-column elementor-element elementor-element-ba4aed1\" data-id=\"ba4aed1\" data-element_type=\"column\" data-e-type=\"column\">\n\t\t\t<div class=\"elementor-widget-wrap elementor-element-populated\">\n\t\t\t\t\t\t<div class=\"elementor-element elementor-element-9379293 elementor-widget elementor-widget-breadcrumbs\" data-id=\"9379293\" data-element_type=\"widget\" data-e-type=\"widget\" data-widget_type=\"breadcrumbs.default\">\n\t\t\t\t<div class=\"elementor-widget-container\">\n\t\t\t\t\t<p id=\"breadcrumbs\"><span><span><a href=\"https:\/\/well-tax.com\/es\/\">Inicio<\/a><\/span><\/span><\/p>\t\t\t\t<\/div>\n\t\t\t\t<\/div>\n\t\t\t\t<div class=\"elementor-element elementor-element-72977ec elementor-widget elementor-widget-heading\" data-id=\"72977ec\" data-element_type=\"widget\" data-e-type=\"widget\" data-widget_type=\"heading.default\">\n\t\t\t\t<div class=\"elementor-widget-container\">\n\t\t\t\t\t<h1 class=\"elementor-heading-title elementor-size-default\">Nuestra Trayectoria<\/h1>\t\t\t\t<\/div>\n\t\t\t\t<\/div>\n\t\t\t\t<section class=\"elementor-section elementor-inner-section elementor-element elementor-element-9bfbf82 elementor-section-boxed elementor-section-height-default elementor-section-height-default\" data-id=\"9bfbf82\" data-element_type=\"section\" data-e-type=\"section\" data-settings=\"{&quot;jet_parallax_layout_list&quot;:[]}\">\n\t\t\t\t\t\t<div class=\"elementor-container elementor-column-gap-default\">\n\t\t\t\t\t<div class=\"elementor-column elementor-col-50 elementor-inner-column elementor-element elementor-element-e80610d\" data-id=\"e80610d\" data-element_type=\"column\" data-e-type=\"column\">\n\t\t\t<div class=\"elementor-widget-wrap elementor-element-populated\">\n\t\t\t\t\t\t<div class=\"elementor-element elementor-element-65fae22 elementor-widget elementor-widget-text-editor\" data-id=\"65fae22\" data-element_type=\"widget\" data-e-type=\"widget\" data-widget_type=\"text-editor.default\">\n\t\t\t\t<div class=\"elementor-widget-container\">\n\t\t\t\t\t\t\t\t\t<p><strong>Crecimiento din\u00e1mico, alcance global, soluciones financieras a medida para el \u00e9xito.<\/strong><\/p><p>WellTax ha crecido exponencialmente a lo largo de los a\u00f1os, experimentando un aumento significativo en volumen de negocio, tama\u00f1o del equipo, base de clientes y servicios ofrecidos. Tras iniciar nuestras operaciones en el Reino Unido hace m\u00e1s de una d\u00e9cada, unos a\u00f1os m\u00e1s tarde alcanzamos un hito importante con la apertura de nuestra oficina en los EAU.<\/p><p>Esta expansi\u00f3n fue impulsada por las crecientes demandas de nuestros clientes actuales y el potencial de nuevas oportunidades en la regi\u00f3n.  Nuestra presencia tanto en el Reino Unido como en los Emiratos \u00c1rabes Unidos nos posiciona como un actor clave en el panorama financiero global, lo que nos permite brindar un servicio a\u00fan mejor a las empresas internacionales de nuestros clientes.<\/p><p>Al embarcarnos en este nuevo cap\u00edtulo, nos motiva nuestra pasi\u00f3n por la excelencia y nuestro af\u00e1n por ser un socio de confianza para nuestros clientes. Con un mayor alcance y capacidades optimizadas, nos proponemos causar un impacto tangible en su crecimiento futuro y continuar forjando relaciones duraderas.<\/p>\t\t\t\t\t\t\t\t<\/div>\n\t\t\t\t<\/div>\n\t\t\t\t\t<\/div>\n\t\t<\/div>\n\t\t\t\t<div class=\"elementor-column elementor-col-50 elementor-inner-column elementor-element elementor-element-13b5c73\" data-id=\"13b5c73\" data-element_type=\"column\" data-e-type=\"column\">\n\t\t\t<div class=\"elementor-widget-wrap elementor-element-populated\">\n\t\t\t\t\t\t<div class=\"elementor-element elementor-element-1a33726 elementor-widget elementor-widget-heading\" data-id=\"1a33726\" data-element_type=\"widget\" data-e-type=\"widget\" data-widget_type=\"heading.default\">\n\t\t\t\t<div class=\"elementor-widget-container\">\n\t\t\t\t\t<h2 class=\"elementor-heading-title elementor-size-default\">M\u00e1s informaci\u00f3n sobre WellTax<\/h2>\t\t\t\t<\/div>\n\t\t\t\t<\/div>\n\t\t\t\t<div class=\"elementor-element elementor-element-c951a75 more-about elementor-list-item-link-full_width elementor-widget elementor-widget-icon-list\" data-id=\"c951a75\" data-element_type=\"widget\" data-e-type=\"widget\" data-widget_type=\"icon-list.default\">\n\t\t\t\t<div class=\"elementor-widget-container\">\n\t\t\t\t\t\t\t<ul class=\"elementor-icon-list-items\">\n\t\t\t\t\t\t\t<li class=\"elementor-icon-list-item\">\n\t\t\t\t\t\t\t\t\t\t\t<a href=\"https:\/\/well-tax.com\/es\/quienes-somos\/\">\n\n\t\t\t\t\t\t\t\t\t\t\t\t<span class=\"elementor-icon-list-icon\">\n\t\t\t\t\t\t\t<svg xmlns=\"http:\/\/www.w3.org\/2000\/svg\" xmlns:xlink=\"http:\/\/www.w3.org\/1999\/xlink\" id=\"Layer_1\" x=\"0px\" y=\"0px\" viewbox=\"0 0 20 21\" style=\"enable-background:new 0 0 20 21;\" xml:space=\"preserve\"><style type=\"text\/css\">\t.st0{fill:#E8423B;}<\/style><path class=\"st0\" d=\"M20,10.7c0.1-0.1,0.1-0.2,0-0.4c0-0.1-0.1-0.1-0.1-0.2l-9.5-9.5c-0.2-0.2-0.5-0.2-0.7,0c-0.2,0.2-0.2,0.5,0,0.7 l8.7,8.7H0.5C0.2,10,0,10.2,0,10.5C0,10.8,0.2,11,0.5,11h17.9l-8.7,8.7c-0.2,0.2-0.2,0.5,0,0.7c0.1,0.1,0.2,0.1,0.3,0.1 s0.2,0,0.3-0.1l9.5-9.5C19.9,10.8,20,10.7,20,10.7L20,10.7z\"><\/path><\/svg>\t\t\t\t\t\t<\/span>\n\t\t\t\t\t\t\t\t\t\t<span class=\"elementor-icon-list-text\">Qui\u00e9nes Somos<\/span>\n\t\t\t\t\t\t\t\t\t\t\t<\/a>\n\t\t\t\t\t\t\t\t\t<\/li>\n\t\t\t\t\t\t\t\t<li class=\"elementor-icon-list-item\">\n\t\t\t\t\t\t\t\t\t\t\t<a href=\"https:\/\/well-tax.com\/es\/quienes-somos\/nuestros-valores\/\">\n\n\t\t\t\t\t\t\t\t\t\t\t\t<span class=\"elementor-icon-list-icon\">\n\t\t\t\t\t\t\t<svg xmlns=\"http:\/\/www.w3.org\/2000\/svg\" xmlns:xlink=\"http:\/\/www.w3.org\/1999\/xlink\" id=\"Layer_1\" x=\"0px\" y=\"0px\" viewbox=\"0 0 20 21\" style=\"enable-background:new 0 0 20 21;\" xml:space=\"preserve\"><style type=\"text\/css\">\t.st0{fill:#E8423B;}<\/style><path class=\"st0\" d=\"M20,10.7c0.1-0.1,0.1-0.2,0-0.4c0-0.1-0.1-0.1-0.1-0.2l-9.5-9.5c-0.2-0.2-0.5-0.2-0.7,0c-0.2,0.2-0.2,0.5,0,0.7 l8.7,8.7H0.5C0.2,10,0,10.2,0,10.5C0,10.8,0.2,11,0.5,11h17.9l-8.7,8.7c-0.2,0.2-0.2,0.5,0,0.7c0.1,0.1,0.2,0.1,0.3,0.1 s0.2,0,0.3-0.1l9.5-9.5C19.9,10.8,20,10.7,20,10.7L20,10.7z\"><\/path><\/svg>\t\t\t\t\t\t<\/span>\n\t\t\t\t\t\t\t\t\t\t<span class=\"elementor-icon-list-text\">Nuestros Valores<\/span>\n\t\t\t\t\t\t\t\t\t\t\t<\/a>\n\t\t\t\t\t\t\t\t\t<\/li>\n\t\t\t\t\t\t\t\t<li class=\"elementor-icon-list-item\">\n\t\t\t\t\t\t\t\t\t\t\t<a href=\"https:\/\/well-tax.com\/es\/quienes-somos\/carreras\/\">\n\n\t\t\t\t\t\t\t\t\t\t\t\t<span class=\"elementor-icon-list-icon\">\n\t\t\t\t\t\t\t<svg xmlns=\"http:\/\/www.w3.org\/2000\/svg\" xmlns:xlink=\"http:\/\/www.w3.org\/1999\/xlink\" id=\"Layer_1\" x=\"0px\" y=\"0px\" viewbox=\"0 0 20 21\" style=\"enable-background:new 0 0 20 21;\" xml:space=\"preserve\"><style type=\"text\/css\">\t.st0{fill:#E8423B;}<\/style><path class=\"st0\" d=\"M20,10.7c0.1-0.1,0.1-0.2,0-0.4c0-0.1-0.1-0.1-0.1-0.2l-9.5-9.5c-0.2-0.2-0.5-0.2-0.7,0c-0.2,0.2-0.2,0.5,0,0.7 l8.7,8.7H0.5C0.2,10,0,10.2,0,10.5C0,10.8,0.2,11,0.5,11h17.9l-8.7,8.7c-0.2,0.2-0.2,0.5,0,0.7c0.1,0.1,0.2,0.1,0.3,0.1 s0.2,0,0.3-0.1l9.5-9.5C19.9,10.8,20,10.7,20,10.7L20,10.7z\"><\/path><\/svg>\t\t\t\t\t\t<\/span>\n\t\t\t\t\t\t\t\t\t\t<span class=\"elementor-icon-list-text\">Carreras Profesionales<\/span>\n\t\t\t\t\t\t\t\t\t\t\t<\/a>\n\t\t\t\t\t\t\t\t\t<\/li>\n\t\t\t\t\t\t<\/ul>\n\t\t\t\t\t\t<\/div>\n\t\t\t\t<\/div>\n\t\t\t\t\t<\/div>\n\t\t<\/div>\n\t\t\t\t\t<\/div>\n\t\t<\/section>\n\t\t\t\t\t<\/div>\n\t\t<\/div>\n\t\t\t\t\t<\/div>\n\t\t<\/section>\n\t\t\t\t<\/div>","protected":false},"excerpt":{"rendered":"<p>Dynamic growth, global reach, tailored financial solutions for success. Our Story Dynamic growth, global reach, tailored financial solutions for success. WellTax has grown exponentially over the years, seeing a significant increase in turnover, team size, client base, and services offered. After launching our operations in the UK over a decade ago, we reached a significant [&hellip;]<\/p>\n","protected":false},"author":1,"featured_media":893,"parent":128,"menu_order":0,"comment_status":"closed","ping_status":"closed","template":"elementor_header_footer","meta":{"footnotes":""},"class_list":["post-886","page","type-page","status-publish","has-post-thumbnail","hentry"],"yoast_head":"<!-- This site is optimized with the Yoast SEO plugin v27.3 - https:\/\/yoast.com\/product\/yoast-seo-wordpress\/ -->\n<title>Our Story - WellTax<\/title>\n<meta name=\"description\" content=\"Dynamic growth, global reach, tailored financial solutions for success.\" \/>\n<meta name=\"robots\" content=\"index, follow, max-snippet:-1, max-image-preview:large, max-video-preview:-1\" \/>\n<link rel=\"canonical\" href=\"https:\/\/well-tax.com\/es\/quienes-somos\/nuestra-historia\/\" \/>\n<meta property=\"og:locale\" content=\"es_ES\" \/>\n<meta property=\"og:type\" content=\"article\" \/>\n<meta property=\"og:title\" content=\"Our Story - WellTax\" \/>\n<meta property=\"og:description\" content=\"Dynamic growth, global reach, tailored financial solutions for success.\" \/>\n<meta property=\"og:url\" content=\"https:\/\/well-tax.com\/es\/quienes-somos\/nuestra-historia\/\" \/>\n<meta property=\"og:site_name\" content=\"WellTax\" \/>\n<meta property=\"article:publisher\" content=\"https:\/\/www.facebook.com\/welltaxlimited\/\" \/>\n<meta property=\"article:modified_time\" content=\"2024-10-10T14:01:33+00:00\" \/>\n<meta property=\"og:image\" content=\"https:\/\/well-tax.com\/wp-content\/uploads\/2023\/06\/our-story.jpg\" \/>\n\t<meta property=\"og:image:width\" content=\"1920\" \/>\n\t<meta property=\"og:image:height\" content=\"800\" \/>\n\t<meta property=\"og:image:type\" content=\"image\/jpeg\" \/>\n<meta name=\"twitter:card\" content=\"summary_large_image\" \/>\n<meta name=\"twitter:label1\" content=\"Tiempo de lectura\" \/>\n\t<meta name=\"twitter:data1\" content=\"1 minuto\" \/>\n<script type=\"application\/ld+json\" class=\"yoast-schema-graph\">{\"@context\":\"https:\\\/\\\/schema.org\",\"@graph\":[{\"@type\":\"WebPage\",\"@id\":\"https:\\\/\\\/well-tax.com\\\/about-us\\\/our-story\\\/\",\"url\":\"https:\\\/\\\/well-tax.com\\\/about-us\\\/our-story\\\/\",\"name\":\"Our Story - WellTax\",\"isPartOf\":{\"@id\":\"https:\\\/\\\/well-tax.com\\\/#website\"},\"primaryImageOfPage\":{\"@id\":\"https:\\\/\\\/well-tax.com\\\/about-us\\\/our-story\\\/#primaryimage\"},\"image\":{\"@id\":\"https:\\\/\\\/well-tax.com\\\/about-us\\\/our-story\\\/#primaryimage\"},\"thumbnailUrl\":\"https:\\\/\\\/well-tax.com\\\/wp-content\\\/uploads\\\/2023\\\/06\\\/our-story.jpg\",\"datePublished\":\"2023-06-30T09:34:31+00:00\",\"dateModified\":\"2024-10-10T14:01:33+00:00\",\"description\":\"Dynamic growth, global reach, tailored financial solutions for success.\",\"breadcrumb\":{\"@id\":\"https:\\\/\\\/well-tax.com\\\/about-us\\\/our-story\\\/#breadcrumb\"},\"inLanguage\":\"es\",\"potentialAction\":[{\"@type\":\"ReadAction\",\"target\":[\"https:\\\/\\\/well-tax.com\\\/about-us\\\/our-story\\\/\"]}]},{\"@type\":\"ImageObject\",\"inLanguage\":\"es\",\"@id\":\"https:\\\/\\\/well-tax.com\\\/about-us\\\/our-story\\\/#primaryimage\",\"url\":\"https:\\\/\\\/well-tax.com\\\/wp-content\\\/uploads\\\/2023\\\/06\\\/our-story.jpg\",\"contentUrl\":\"https:\\\/\\\/well-tax.com\\\/wp-content\\\/uploads\\\/2023\\\/06\\\/our-story.jpg\",\"width\":1920,\"height\":800},{\"@type\":\"BreadcrumbList\",\"@id\":\"https:\\\/\\\/well-tax.com\\\/about-us\\\/our-story\\\/#breadcrumb\",\"itemListElement\":[{\"@type\":\"ListItem\",\"position\":1,\"name\":\"Home\",\"item\":\"https:\\\/\\\/well-tax.com\\\/\"},{\"@type\":\"ListItem\",\"position\":2,\"name\":\"About Us\",\"item\":\"https:\\\/\\\/well-tax.com\\\/about-us\\\/\"},{\"@type\":\"ListItem\",\"position\":3,\"name\":\"Our Story\"}]},{\"@type\":\"WebSite\",\"@id\":\"https:\\\/\\\/well-tax.com\\\/#website\",\"url\":\"https:\\\/\\\/well-tax.com\\\/\",\"name\":\"WellTax\",\"description\":\"Accountants and Tax Advisors in UK and UAE\",\"publisher\":{\"@id\":\"https:\\\/\\\/well-tax.com\\\/#organization\"},\"potentialAction\":[{\"@type\":\"SearchAction\",\"target\":{\"@type\":\"EntryPoint\",\"urlTemplate\":\"https:\\\/\\\/well-tax.com\\\/?s={search_term_string}\"},\"query-input\":{\"@type\":\"PropertyValueSpecification\",\"valueRequired\":true,\"valueName\":\"search_term_string\"}}],\"inLanguage\":\"es\"},{\"@type\":\"Organization\",\"@id\":\"https:\\\/\\\/well-tax.com\\\/#organization\",\"name\":\"WellTax\",\"url\":\"https:\\\/\\\/well-tax.com\\\/\",\"logo\":{\"@type\":\"ImageObject\",\"inLanguage\":\"es\",\"@id\":\"https:\\\/\\\/well-tax.com\\\/#\\\/schema\\\/logo\\\/image\\\/\",\"url\":\"https:\\\/\\\/well-tax.com\\\/wp-content\\\/uploads\\\/2023\\\/06\\\/favicon.svg\",\"contentUrl\":\"https:\\\/\\\/well-tax.com\\\/wp-content\\\/uploads\\\/2023\\\/06\\\/favicon.svg\",\"width\":40,\"height\":35,\"caption\":\"WellTax\"},\"image\":{\"@id\":\"https:\\\/\\\/well-tax.com\\\/#\\\/schema\\\/logo\\\/image\\\/\"},\"sameAs\":[\"https:\\\/\\\/www.facebook.com\\\/welltaxlimited\\\/\"]}]}<\/script>\n<!-- \/ Yoast SEO plugin. -->","yoast_head_json":{"title":"Nuestra historia - WellTax","description":"Crecimiento din\u00e1mico, alcance global, soluciones financieras a medida para el \u00e9xito.","robots":{"index":"index","follow":"follow","max-snippet":"max-snippet:-1","max-image-preview":"max-image-preview:large","max-video-preview":"max-video-preview:-1"},"canonical":"https:\/\/well-tax.com\/es\/quienes-somos\/nuestra-historia\/","og_locale":"es_ES","og_type":"article","og_title":"Our Story - WellTax","og_description":"Dynamic growth, global reach, tailored financial solutions for success.","og_url":"https:\/\/well-tax.com\/es\/quienes-somos\/nuestra-historia\/","og_site_name":"WellTax","article_publisher":"https:\/\/www.facebook.com\/welltaxlimited\/","article_modified_time":"2024-10-10T14:01:33+00:00","og_image":[{"width":1920,"height":800,"url":"https:\/\/well-tax.com\/wp-content\/uploads\/2023\/06\/our-story.jpg","type":"image\/jpeg"}],"twitter_card":"summary_large_image","twitter_misc":{"Tiempo de lectura":"1 minuto"},"schema":{"@context":"https:\/\/schema.org","@graph":[{"@type":"WebPage","@id":"https:\/\/well-tax.com\/about-us\/our-story\/","url":"https:\/\/well-tax.com\/about-us\/our-story\/","name":"Nuestra historia - WellTax","isPartOf":{"@id":"https:\/\/well-tax.com\/#website"},"primaryImageOfPage":{"@id":"https:\/\/well-tax.com\/about-us\/our-story\/#primaryimage"},"image":{"@id":"https:\/\/well-tax.com\/about-us\/our-story\/#primaryimage"},"thumbnailUrl":"https:\/\/well-tax.com\/wp-content\/uploads\/2023\/06\/our-story.jpg","datePublished":"2023-06-30T09:34:31+00:00","dateModified":"2024-10-10T14:01:33+00:00","description":"Crecimiento din\u00e1mico, alcance global, soluciones financieras a medida para el \u00e9xito.","breadcrumb":{"@id":"https:\/\/well-tax.com\/about-us\/our-story\/#breadcrumb"},"inLanguage":"es","potentialAction":[{"@type":"ReadAction","target":["https:\/\/well-tax.com\/about-us\/our-story\/"]}]},{"@type":"ImageObject","inLanguage":"es","@id":"https:\/\/well-tax.com\/about-us\/our-story\/#primaryimage","url":"https:\/\/well-tax.com\/wp-content\/uploads\/2023\/06\/our-story.jpg","contentUrl":"https:\/\/well-tax.com\/wp-content\/uploads\/2023\/06\/our-story.jpg","width":1920,"height":800},{"@type":"BreadcrumbList","@id":"https:\/\/well-tax.com\/about-us\/our-story\/#breadcrumb","itemListElement":[{"@type":"ListItem","position":1,"name":"Home","item":"https:\/\/well-tax.com\/"},{"@type":"ListItem","position":2,"name":"About Us","item":"https:\/\/well-tax.com\/about-us\/"},{"@type":"ListItem","position":3,"name":"Our Story"}]},{"@type":"WebSite","@id":"https:\/\/well-tax.com\/#website","url":"https:\/\/well-tax.com\/","name":"WellTax","description":"Contables y asesores fiscales en el Reino Unido y los EAU","publisher":{"@id":"https:\/\/well-tax.com\/#organization"},"potentialAction":[{"@type":"SearchAction","target":{"@type":"EntryPoint","urlTemplate":"https:\/\/well-tax.com\/?s={search_term_string}"},"query-input":{"@type":"PropertyValueSpecification","valueRequired":true,"valueName":"search_term_string"}}],"inLanguage":"es"},{"@type":"Organization","@id":"https:\/\/well-tax.com\/#organization","name":"WellTax","url":"https:\/\/well-tax.com\/","logo":{"@type":"ImageObject","inLanguage":"es","@id":"https:\/\/well-tax.com\/#\/schema\/logo\/image\/","url":"https:\/\/well-tax.com\/wp-content\/uploads\/2023\/06\/favicon.svg","contentUrl":"https:\/\/well-tax.com\/wp-content\/uploads\/2023\/06\/favicon.svg","width":40,"height":35,"caption":"WellTax"},"image":{"@id":"https:\/\/well-tax.com\/#\/schema\/logo\/image\/"},"sameAs":["https:\/\/www.facebook.com\/welltaxlimited\/"]}]}},"_links":{"self":[{"href":"https:\/\/well-tax.com\/es\/wp-json\/wp\/v2\/pages\/886","targetHints":{"allow":["GET"]}}],"collection":[{"href":"https:\/\/well-tax.com\/es\/wp-json\/wp\/v2\/pages"}],"about":[{"href":"https:\/\/well-tax.com\/es\/wp-json\/wp\/v2\/types\/page"}],"author":[{"embeddable":true,"href":"https:\/\/well-tax.com\/es\/wp-json\/wp\/v2\/users\/1"}],"replies":[{"embeddable":true,"href":"https:\/\/well-tax.com\/es\/wp-json\/wp\/v2\/comments?post=886"}],"version-history":[{"count":33,"href":"https:\/\/well-tax.com\/es\/wp-json\/wp\/v2\/pages\/886\/revisions"}],"predecessor-version":[{"id":5374,"href":"https:\/\/well-tax.com\/es\/wp-json\/wp\/v2\/pages\/886\/revisions\/5374"}],"up":[{"embeddable":true,"href":"https:\/\/well-tax.com\/es\/wp-json\/wp\/v2\/pages\/128"}],"wp:featuredmedia":[{"embeddable":true,"href":"https:\/\/well-tax.com\/es\/wp-json\/wp\/v2\/media\/893"}],"wp:attachment":[{"href":"https:\/\/well-tax.com\/es\/wp-json\/wp\/v2\/media?parent=886"}],"curies":[{"name":"wp","href":"https:\/\/api.w.org\/{rel}","templated":true}]}}