{"id":2106,"date":"2023-07-26T11:22:31","date_gmt":"2023-07-26T10:22:31","guid":{"rendered":"https:\/\/well-tax.com\/?page_id=2106"},"modified":"2023-10-02T10:16:55","modified_gmt":"2023-10-02T09:16:55","slug":"politica-de-privacidad","status":"publish","type":"page","link":"https:\/\/well-tax.com\/es\/privacy-policy\/","title":{"rendered":"Pol\u00edtica de privacidad"},"content":{"rendered":"<div data-elementor-type=\"wp-page\" data-elementor-id=\"2106\" class=\"elementor elementor-2106\" data-elementor-post-type=\"page\">\n\t\t\t\t\t\t<section class=\"elementor-section elementor-top-section elementor-element elementor-element-6e79380 elementor-section-height-min-height elementor-section-boxed elementor-section-height-default elementor-section-items-middle\" data-id=\"6e79380\" data-element_type=\"section\" data-e-type=\"section\" data-settings=\"{&quot;background_background&quot;:&quot;classic&quot;,&quot;jet_parallax_layout_list&quot;:[]}\">\n\t\t\t\t\t\t\t<div class=\"elementor-background-overlay\"><\/div>\n\t\t\t\t\t\t\t<div class=\"elementor-container elementor-column-gap-default\">\n\t\t\t\t\t<div class=\"elementor-column elementor-col-100 elementor-top-column elementor-element elementor-element-cda4072\" data-id=\"cda4072\" data-element_type=\"column\" data-e-type=\"column\" data-settings=\"{&quot;background_background&quot;:&quot;classic&quot;}\">\n\t\t\t<div class=\"elementor-widget-wrap elementor-element-populated\">\n\t\t\t\t\t<div class=\"elementor-background-overlay\"><\/div>\n\t\t\t\t\t\t<div class=\"elementor-element elementor-element-4d7b693 elementor-widget elementor-widget-heading\" data-id=\"4d7b693\" data-element_type=\"widget\" data-e-type=\"widget\" data-widget_type=\"heading.default\">\n\t\t\t\t<div class=\"elementor-widget-container\">\n\t\t\t\t\t<h1 class=\"elementor-heading-title elementor-size-default\">Pol\u00edtica de privacidad<\/h1>\t\t\t\t<\/div>\n\t\t\t\t<\/div>\n\t\t\t\t<div class=\"elementor-element elementor-element-dda1e2b elementor-widget elementor-widget-text-editor\" data-id=\"dda1e2b\" data-element_type=\"widget\" data-e-type=\"widget\" data-widget_type=\"text-editor.default\">\n\t\t\t\t<div class=\"elementor-widget-container\">\n\t\t\t\t\t\t\t\t\t<h3>ANTECEDENTES:<\/h3>\n<p>El usuario entiende que su privacidad es importante para usted y que le preocupa c\u00f3mo se utilizan y comparten sus datos personales en l\u00ednea. Respetamos y valoramos la privacidad de todas las personas que visitan este sitio web, www.well-tax.com (\"Nuestro sitio\") y solo recopilaremos y utilizaremos los datos personales de las formas aqu\u00ed descritas, y de una manera que sea coherente con Nuestras obligaciones y sus derechos conforme a la ley.<\/p>\n<p>Le rogamos que lea atentamente esta Pol\u00edtica de Privacidad y se asegure de que la comprende. Se considerar\u00e1 que acepta nuestra Pol\u00edtica de Privacidad cuando utilice nuestro Sitio por primera vez. Si no acepta y no est\u00e1 de acuerdo con esta Pol\u00edtica de Privacidad, debe dejar de utilizar nuestro Sitio inmediatamente.<\/p>\n<h3>1. Definiciones e interpretaci\u00f3n<\/h3>\n<p>En la presente p\u00f3liza, los siguientes t\u00e9rminos tendr\u00e1n el significado que se indica a continuaci\u00f3n:<\/p>\n<div class=\"col-xs-12 col-md-6\">\n<p><strong>\"datos personales\"<\/strong><\/p>\n<\/div>\n<div class=\"col-xs-12 col-md-6\">\n<p>se refiere a todos y cada uno de los datos relacionados con una persona identificable que pueda ser identificada directa o indirectamente a partir de dichos datos. En este caso, se refiere a los datos personales que nos facilite a trav\u00e9s de nuestro Sitio. Esta definici\u00f3n incorporar\u00e1, en su caso, las definiciones previstas en el Reglamento de la UE 2016\/679 - el Reglamento General de Protecci\u00f3n de Datos (\"RGPD\"); y<\/p>\n<\/div>\n<div class=\"col-xs-12 col-lg-6\">\n<p><strong>\"Nosotros\/Us\/Nuestro\"<\/strong><\/p>\n<\/div>\n<div class=\"col-xs-12 col-lg-6\">\n<p>significa WellTax Limited, una sociedad limitada registrada en Inglaterra y Gales con el n\u00famero de sociedad 09572130 cuyo domicilio social es 20 Fitzroy Square, Londres, Reino Unido, W1T 6EJ.<\/p>\n<\/div>\n<h3>2. Informaci\u00f3n<\/h3>\n<p>- Nuestro Sitio es propiedad y est\u00e1 gestionado por WellTax Limited, una sociedad limitada registrada en Inglaterra y Gales con el n\u00famero de sociedad 09572130 y domicilio social en 20 Fitzroy Square, Londres, Reino Unido, W1T 6EJ.<\/p>\n<p>- Nuestro responsable de protecci\u00f3n de datos es WellTax Limited y puede ponerse en contacto con \u00e9l por correo electr\u00f3nico en la direcci\u00f3n&nbsp;<a href=\"mailto:info@well-tax.com\">info@well-tax.com<\/a>por tel\u00e9fono al +44 (0) 20 3581 1717, o por correo postal a&nbsp;<a href=\"https:\/\/well-tax.com\/es\/contact\/\">https:\/\/well-tax.com\/contact<\/a>.<\/p>\n<p>- Estamos regulados por la ICO (Oficina del Comisionado de Informaci\u00f3n),&nbsp;<a href=\"https:\/\/ico.org.uk\/\">https:\/\/ico.org.uk\/<\/a>).<\/p>\n<h3>3. \u00bfQu\u00e9 cubre esta p\u00f3liza?<\/h3>\n<p>Esta Pol\u00edtica de Privacidad se aplica \u00fanicamente a su uso de Nuestro Sitio. Nuestro sitio puede contener enlaces a otros sitios web. Tenga en cuenta que no tenemos control alguno sobre la forma en que otros sitios web recopilan, almacenan o utilizan sus datos, por lo que le aconsejamos que compruebe las pol\u00edticas de privacidad de dichos sitios web antes de facilitarles datos.<\/p>\n<h3>4. Sus derechos<\/h3>\n<p>- Como sujeto de datos, tiene los siguientes derechos en virtud del GDPR, que esta Pol\u00edtica y Nuestro uso de datos personales han sido dise\u00f1ados para defender:<\/p>\n<div class=\"col-xs-12 col-md-6\">\n<p>- Derecho a ser informado sobre nuestra recogida y uso de datos personales;<\/p>\n<p>- Derecho de acceso a los datos personales que tenemos sobre usted (v\u00e9ase la secci\u00f3n 12);<\/p>\n<p>- Derecho de rectificaci\u00f3n si alguno de los datos personales que tenemos sobre usted es inexacto o incompleto (p\u00f3ngase en contacto con nosotros utilizando los datos de la secci\u00f3n 13);<\/p>\n<p>- El derecho al olvido, es decir, el derecho a pedirnos que eliminemos cualquier dato personal que tengamos sobre usted (s\u00f3lo conservamos sus datos personales durante un tiempo limitado, como se explica en la secci\u00f3n 6, pero si desea que los eliminemos antes, p\u00f3ngase en contacto con nosotros utilizando los datos de la secci\u00f3n 13);<\/p>\n<p>- Derecho a restringir (es decir, impedir) el tratamiento de sus datos personales;<\/p>\n<p>- Derecho a la portabilidad de los datos (obtener una copia de sus datos personales para reutilizarlos en otro servicio u organizaci\u00f3n);<\/p>\n<p>- Derecho a oponerse a que utilicemos sus datos personales para fines particulares.<\/p>\n<p>- Derechos con respecto a la toma de decisiones automatizada y la elaboraci\u00f3n de perfiles.<\/p>\n<\/div>\n<p>- Si tiene alg\u00fan motivo de queja sobre el uso que hacemos de sus datos personales, p\u00f3ngase en contacto con nosotros a trav\u00e9s de los datos facilitados en la secci\u00f3n 13 y haremos todo lo posible por resolver el problema. Si no podemos ayudarle, tambi\u00e9n tiene derecho a presentar una reclamaci\u00f3n ante la autoridad supervisora del Reino Unido, la Oficina del Comisionado de Informaci\u00f3n.<\/p>\n<p>- Para m\u00e1s informaci\u00f3n sobre sus derechos, p\u00f3ngase en contacto con la Oficina del Comisario de Informaci\u00f3n o con la Oficina de Atenci\u00f3n al Ciudadano de su localidad.<\/p>\n<h3>5. \u00bfQu\u00e9 datos recogemos?<\/h3>\n<p>En funci\u00f3n del uso que haga de nuestro Sitio, podemos recopilar algunos o todos los datos personales siguientes:<\/p>\n<div class=\"col-xs-12 col-md-6\">\n<p>- nombre;<\/p>\n<p>- fecha de nacimiento;<\/p>\n<p>- g\u00e9nero;<\/p>\n<p>- nombre de la empresa;<\/p>\n<p>- puesto de trabajo;<\/p>\n<p>- profesi\u00f3n y estudios;<\/p>\n<p>- informaci\u00f3n de contacto, como direcciones de correo electr\u00f3nico y n\u00fameros de tel\u00e9fono;<\/p>\n<p>- informaci\u00f3n demogr\u00e1fica como c\u00f3digo postal, preferencias e intereses;<\/p>\n<p>- Direcci\u00f3n IP;<\/p>\n<p>- tipo y versi\u00f3n del navegador web;<\/p>\n<p>- sistema operativo;<\/p>\n<p>- una lista de URL que comienzan con un sitio de referencia, su actividad en Nuestro Sitio y el sitio al que sale;<\/p>\n<\/div>\n<h3>6. \u00bfC\u00f3mo utilizamos sus datos?<\/h3>\n<p>- Todos los datos personales se procesan y almacenan de forma segura, durante no m\u00e1s tiempo del necesario a la luz de la raz\u00f3n o razones por las que se recopilaron por primera vez. Cumpliremos con nuestras obligaciones y protegeremos sus derechos en virtud del GDPR en todo momento. Para m\u00e1s informaci\u00f3n sobre seguridad, consulte la secci\u00f3n 7.<\/p>\n<p>- Nuestro uso de sus datos personales siempre tendr\u00e1 una base legal, ya sea porque es necesario para el cumplimiento de un contrato con usted, porque usted ha dado su consentimiento para que utilicemos sus datos personales (por ejemplo, suscribi\u00e9ndose a correos electr\u00f3nicos) o porque responde a nuestros intereses leg\u00edtimos. En concreto, podemos utilizar sus datos para los siguientes fines:<\/p>\n<div class=\"col-xs-12 col-md-6\">\n<p>- Prestarle nuestros servicios (tenga en cuenta que necesitamos sus datos personales para celebrar un contrato con usted);<\/p>\n<p>- Personalizar y adaptar nuestros servicios a sus necesidades;<\/p>\n<p>- Respondiendo a tus correos electr\u00f3nicos;<\/p>\n<p>- Enviarle correos electr\u00f3nicos por los que haya optado (puede darse de baja en cualquier momento enviando un correo electr\u00f3nico a info@well-tax.com especificando que ya no desea que conservemos sus datos;<\/p>\n<p>- Estudios de mercado;<\/p>\n<\/div>\n<p>- Con su permiso y\/o cuando lo permita la ley, tambi\u00e9n podremos utilizar sus datos con fines de marketing, lo que puede incluir ponernos en contacto con usted por correo electr\u00f3nico, tel\u00e9fono, mensaje de texto y correo postal con informaci\u00f3n, noticias y ofertas sobre nuestros servicios. Sin embargo, no le enviaremos ning\u00fan tipo de marketing no solicitado o spam y tomaremos todas las medidas razonables para garantizar que protegemos plenamente sus derechos y cumplimos con nuestras obligaciones en virtud del GDPR y el Reglamento de Privacidad y Comunicaciones Electr\u00f3nicas (Directiva CE) de 2003.<\/p>\n<p>- Tiene derecho a retirar su consentimiento para que utilicemos sus datos personales en cualquier momento y a solicitar que los eliminemos.<\/p>\n<p>- No conservamos sus datos personales durante m\u00e1s tiempo del necesario en funci\u00f3n del motivo o motivos por los que se recopilaron por primera vez. Por tanto, los datos se conservar\u00e1n durante los siguientes periodos (o su conservaci\u00f3n se determinar\u00e1 en funci\u00f3n de las siguientes bases):<\/p>\n<div class=\"col-xs-12 col-md-6\">\n<p>- En la \"Secci\u00f3n de boletines informativos\", los datos se conservar\u00e1n durante un periodo ilimitado, pero la persona que desee darse de baja tendr\u00e1 la opci\u00f3n de hacerlo.<\/p>\n<p>- En la secci\u00f3n \"Publicar un comentario\", los datos se conservar\u00e1n durante un periodo ilimitado, aunque el interesado siempre podr\u00e1 darse de baja enviando un correo electr\u00f3nico a&nbsp;<a href=\"mailto:info@well-tax.com\">info@well-tax.com<\/a>.<\/p>\n<p>- En las secciones \"Contacte con nosotros\", \"P\u00f3ngase en contacto\" y \"Empleo\", los datos se conservar\u00e1n durante dos a\u00f1os, lo que permitir\u00e1 a Welltax Limited disponer de un plazo razonable para ponerse en contacto con posibles clientes y empleados.<\/p>\n<\/div>\n<h3>7. \u00bfC\u00f3mo y d\u00f3nde almacenamos sus datos?<\/h3>\n<p>- S\u00f3lo conservamos sus datos personales durante el tiempo necesario para utilizarlos seg\u00fan lo descrito anteriormente en la secci\u00f3n 6, y\/o mientras tengamos su permiso para conservarlos.<\/p>\n<p>- Sus datos s\u00f3lo se almacenar\u00e1n en el Reino Unido.<\/p>\n<p>- La seguridad de los datos es muy importante para Nosotros, y para proteger sus datos hemos tomado las medidas adecuadas para salvaguardar y asegurar los datos recogidos a trav\u00e9s de Nuestro Sitio.<\/p>\n<p>- Entre las medidas que tomamos para asegurar y proteger sus datos se incluyen:<\/p>\n<div class=\"col-xs-12 col-md-6\">\n<p>- Datos de disco duro cifrados<\/p>\n<p>- Panel de control del sitio web bloqueado con contrase\u00f1a<\/p>\n<\/div>\n<h3>8. \u00bfCompartimos sus datos?<\/h3>\n<p>- Sin perjuicio de lo dispuesto en el apartado 8.2, no compartiremos ninguno de sus datos con terceros para ning\u00fan fin.<\/p>\n<p>- En determinadas circunstancias, podemos estar legalmente obligados a compartir determinados datos que obran en nuestro poder, que pueden incluir sus datos personales, por ejemplo, cuando estemos implicados en un procedimiento judicial, cuando estemos cumpliendo obligaciones legales, una orden judicial o una autoridad gubernamental.<\/p>\n<h3>9. \u00bfQu\u00e9 ocurre si nuestra empresa cambia de manos?<\/h3>\n<p>- Es posible que, de vez en cuando, ampliemos o reduzcamos nuestro negocio y esto puede implicar la venta y\/o la transferencia del control de todo o parte de nuestro negocio. Cualquier dato personal que nos haya proporcionado, cuando sea relevante para cualquier parte de nuestro negocio que se transfiera, se transferir\u00e1 junto con esa parte y el nuevo propietario o la nueva parte controladora, en virtud de los t\u00e9rminos de esta Pol\u00edtica de Privacidad, estar\u00e1 autorizado a utilizar esos datos \u00fanicamente para los mismos fines para los que fueron recogidos originalmente por nosotros.<\/p>\n<p>- En caso de que alguno de sus datos deba transferirse de esta forma, no se le contactar\u00e1 previamente y se le informar\u00e1 de los cambios.<\/p>\n<h3>10. \u00bfC\u00f3mo puede controlar sus datos?<\/h3>\n<p>- Adem\u00e1s de sus derechos en virtud del GDPR, establecidos en la secci\u00f3n 4, cuando env\u00eda datos personales a trav\u00e9s de nuestro sitio, nuestro objetivo es ofrecerle controles s\u00f3lidos sobre nuestro uso de sus datos para fines de marketing directo (incluida la capacidad de optar por no recibir correos electr\u00f3nicos de nosotros, lo que puede hacer cancelando la suscripci\u00f3n mediante los enlaces proporcionados en nuestros correos electr\u00f3nicos y en el momento de proporcionar sus datos).<\/p>\n<p>- Tambi\u00e9n puede suscribirse a uno o varios de los servicios de preferencias que operan en el Reino Unido: El Servicio de Preferencia Telef\u00f3nica (\"el TPS\"), el Servicio de Preferencia Telef\u00f3nica Corporativa (\"el CTPS\") y el Servicio de Preferencia de Correo (\"el MPS\"). Estos servicios pueden ayudarle a evitar que reciba publicidad no solicitada. Sin embargo, tenga en cuenta que estos servicios no le impedir\u00e1n recibir comunicaciones comerciales que usted haya consentido recibir.<\/p>\n<h3>11. Su derecho a retener informaci\u00f3n<\/h3>\n<p>Puede acceder a determinadas \u00e1reas de nuestro sitio sin necesidad de proporcionar ning\u00fan dato. Sin embargo, para utilizar todas las caracter\u00edsticas y funciones disponibles en nuestro sitio, es posible que se le solicite que env\u00ede o permita la recopilaci\u00f3n de determinados datos.<\/p>\n<h3>12. \u00bfC\u00f3mo puede acceder a sus datos?<\/h3>\n<p>Usted tiene derecho a solicitar una copia de cualquiera de sus datos personales que obren en nuestro poder (en caso de que los tengamos). En virtud del GDPR, no hay que pagar ninguna tasa y le proporcionaremos toda la informaci\u00f3n en respuesta a su solicitud de forma gratuita. Para obtener m\u00e1s informaci\u00f3n, p\u00f3ngase en contacto con nosotros en&nbsp;<a href=\"mailto:info@well-tax.com\">info@well-tax.com<\/a>o utilizando los datos de contacto que figuran en la secci\u00f3n 13.<\/p>\n<h3>13. Contacto<\/h3>\n<p>Si tiene alguna pregunta sobre nuestro sitio o sobre esta pol\u00edtica de privacidad, p\u00f3ngase en contacto con nosotros por correo electr\u00f3nico en la direcci\u00f3n&nbsp;<a href=\"mailto:info@well-tax.com\">info@well-tax.com<\/a>por tel\u00e9fono al +44 (0) 20 3581 1717, o por correo postal a&nbsp;<a href=\"https:\/\/well-tax.com\/es\/contact\/\">https:\/\/well-tax.com\/contact<\/a>. Por favor, aseg\u00farese de que su consulta es clara, especialmente si se trata de una solicitud de informaci\u00f3n sobre los datos que tenemos sobre usted (como en la secci\u00f3n 12, m\u00e1s arriba).<\/p>\n<h3>14. Cambios en nuestra pol\u00edtica de privacidad<\/h3>\n<p>Podemos modificar esta Pol\u00edtica de Privacidad de vez en cuando (por ejemplo, si cambia la legislaci\u00f3n). Cualquier cambio se publicar\u00e1 inmediatamente en nuestra p\u00e1gina y se considerar\u00e1 que usted acepta los t\u00e9rminos de la Pol\u00edtica de Privacidad en su primer uso de nuestra p\u00e1gina tras las modificaciones. Le recomendamos que consulte esta p\u00e1gina con regularidad para mantenerse al d\u00eda.<\/p>\t\t\t\t\t\t\t\t<\/div>\n\t\t\t\t<\/div>\n\t\t\t\t<div class=\"elementor-element elementor-element-48c537b arrow-button elementor-mobile-align-justify elementor-align-center elementor-widget elementor-widget-button\" data-id=\"48c537b\" data-element_type=\"widget\" data-e-type=\"widget\" data-widget_type=\"button.default\">\n\t\t\t\t<div class=\"elementor-widget-container\">\n\t\t\t\t\t\t\t\t\t<div class=\"elementor-button-wrapper\">\n\t\t\t\t\t<a class=\"elementor-button elementor-button-link elementor-size-md\" href=\"https:\/\/well-tax.com\/es\/\">\n\t\t\t\t\t\t<span class=\"elementor-button-content-wrapper\">\n\t\t\t\t\t\t<span class=\"elementor-button-icon\">\n\t\t\t\t<svg xmlns=\"http:\/\/www.w3.org\/2000\/svg\" width=\"20\" height=\"21\" viewbox=\"0 0 20 21\" fill=\"none\"><path d=\"M19.96 11.1796C20.01 11.0596 20.01 10.9296 19.96 10.8196C19.94 10.7596 19.9 10.7096 19.86 10.6596L10.34 1.13957C10.15 0.94957 9.85 0.94957 9.67 1.13957C9.48 1.32957 9.48 1.62957 9.67 1.80957L18.38 10.5196H0.48C0.22 10.5196 0 10.7296 0 10.9996C0 11.2696 0.21 11.4796 0.48 11.4796H18.38L9.67 20.1896C9.48 20.3796 9.48 20.6796 9.67 20.8596C9.76 20.9496 9.88 20.9996 10.01 20.9996C10.14 20.9996 10.25 20.9496 10.35 20.8596L19.87 11.3396C19.87 11.3396 19.95 11.2396 19.97 11.1796H19.96Z\" fill=\"white\"><\/path><\/svg>\t\t\t<\/span>\n\t\t\t\t\t\t\t\t\t<span class=\"elementor-button-text\">Ir a la p\u00e1gina principal<\/span>\n\t\t\t\t\t<\/span>\n\t\t\t\t\t<\/a>\n\t\t\t\t<\/div>\n\t\t\t\t\t\t\t\t<\/div>\n\t\t\t\t<\/div>\n\t\t\t\t\t<\/div>\n\t\t<\/div>\n\t\t\t\t\t<\/div>\n\t\t<\/section>\n\t\t\t\t<\/div>","protected":false},"excerpt":{"rendered":"<p>Privacy Policy BACKGROUND: User understands that your privacy is important to you and that you care about how your personal data is used and shared online. We respect and value the privacy of everyone who visits this website, www.well-tax.com (\u201cOur Site\u201d) and will only collect and use personal data in ways that are described here, [&hellip;]<\/p>\n","protected":false},"author":1,"featured_media":0,"parent":0,"menu_order":0,"comment_status":"closed","ping_status":"closed","template":"elementor_header_footer","meta":{"footnotes":""},"class_list":["post-2106","page","type-page","status-publish","hentry"],"yoast_head":"<!-- This site is optimized with the Yoast SEO plugin v27.3 - https:\/\/yoast.com\/product\/yoast-seo-wordpress\/ -->\n<title>Privacy Policy - WellTax<\/title>\n<meta name=\"robots\" content=\"index, follow, max-snippet:-1, max-image-preview:large, max-video-preview:-1\" \/>\n<link rel=\"canonical\" href=\"https:\/\/well-tax.com\/es\/politica-de-privacidad\/\" \/>\n<meta property=\"og:locale\" content=\"es_ES\" \/>\n<meta property=\"og:type\" content=\"article\" \/>\n<meta property=\"og:title\" content=\"Privacy Policy - WellTax\" \/>\n<meta property=\"og:description\" content=\"Privacy Policy BACKGROUND: User understands that your privacy is important to you and that you care about how your personal data is used and shared online. We respect and value the privacy of everyone who visits this website, www.well-tax.com (\u201cOur Site\u201d) and will only collect and use personal data in ways that are described here, [&hellip;]\" \/>\n<meta property=\"og:url\" content=\"https:\/\/well-tax.com\/es\/politica-de-privacidad\/\" \/>\n<meta property=\"og:site_name\" content=\"WellTax\" \/>\n<meta property=\"article:publisher\" content=\"https:\/\/www.facebook.com\/welltaxlimited\/\" \/>\n<meta property=\"article:modified_time\" content=\"2023-10-02T09:16:55+00:00\" \/>\n<meta property=\"og:image\" content=\"https:\/\/well-tax.com\/wp-content\/uploads\/2023\/10\/preview.jpg\" \/>\n\t<meta property=\"og:image:width\" content=\"1200\" \/>\n\t<meta property=\"og:image:height\" content=\"675\" \/>\n\t<meta property=\"og:image:type\" content=\"image\/jpeg\" \/>\n<meta name=\"twitter:card\" content=\"summary_large_image\" \/>\n<meta name=\"twitter:label1\" content=\"Tiempo de lectura\" \/>\n\t<meta name=\"twitter:data1\" content=\"9 minutos\" \/>\n<script type=\"application\/ld+json\" class=\"yoast-schema-graph\">{\"@context\":\"https:\\\/\\\/schema.org\",\"@graph\":[{\"@type\":\"WebPage\",\"@id\":\"https:\\\/\\\/well-tax.com\\\/privacy-policy\\\/\",\"url\":\"https:\\\/\\\/well-tax.com\\\/privacy-policy\\\/\",\"name\":\"Privacy Policy - WellTax\",\"isPartOf\":{\"@id\":\"https:\\\/\\\/well-tax.com\\\/#website\"},\"datePublished\":\"2023-07-26T10:22:31+00:00\",\"dateModified\":\"2023-10-02T09:16:55+00:00\",\"breadcrumb\":{\"@id\":\"https:\\\/\\\/well-tax.com\\\/privacy-policy\\\/#breadcrumb\"},\"inLanguage\":\"es\",\"potentialAction\":[{\"@type\":\"ReadAction\",\"target\":[\"https:\\\/\\\/well-tax.com\\\/privacy-policy\\\/\"]}]},{\"@type\":\"BreadcrumbList\",\"@id\":\"https:\\\/\\\/well-tax.com\\\/privacy-policy\\\/#breadcrumb\",\"itemListElement\":[{\"@type\":\"ListItem\",\"position\":1,\"name\":\"Home\",\"item\":\"https:\\\/\\\/well-tax.com\\\/\"},{\"@type\":\"ListItem\",\"position\":2,\"name\":\"Privacy Policy\"}]},{\"@type\":\"WebSite\",\"@id\":\"https:\\\/\\\/well-tax.com\\\/#website\",\"url\":\"https:\\\/\\\/well-tax.com\\\/\",\"name\":\"WellTax\",\"description\":\"Accountants and Tax Advisors in UK and UAE\",\"publisher\":{\"@id\":\"https:\\\/\\\/well-tax.com\\\/#organization\"},\"potentialAction\":[{\"@type\":\"SearchAction\",\"target\":{\"@type\":\"EntryPoint\",\"urlTemplate\":\"https:\\\/\\\/well-tax.com\\\/?s={search_term_string}\"},\"query-input\":{\"@type\":\"PropertyValueSpecification\",\"valueRequired\":true,\"valueName\":\"search_term_string\"}}],\"inLanguage\":\"es\"},{\"@type\":\"Organization\",\"@id\":\"https:\\\/\\\/well-tax.com\\\/#organization\",\"name\":\"WellTax\",\"url\":\"https:\\\/\\\/well-tax.com\\\/\",\"logo\":{\"@type\":\"ImageObject\",\"inLanguage\":\"es\",\"@id\":\"https:\\\/\\\/well-tax.com\\\/#\\\/schema\\\/logo\\\/image\\\/\",\"url\":\"https:\\\/\\\/well-tax.com\\\/wp-content\\\/uploads\\\/2023\\\/06\\\/favicon.svg\",\"contentUrl\":\"https:\\\/\\\/well-tax.com\\\/wp-content\\\/uploads\\\/2023\\\/06\\\/favicon.svg\",\"width\":40,\"height\":35,\"caption\":\"WellTax\"},\"image\":{\"@id\":\"https:\\\/\\\/well-tax.com\\\/#\\\/schema\\\/logo\\\/image\\\/\"},\"sameAs\":[\"https:\\\/\\\/www.facebook.com\\\/welltaxlimited\\\/\"]}]}<\/script>\n<!-- \/ Yoast SEO plugin. -->","yoast_head_json":{"title":"Pol\u00edtica de privacidad - WellTax","robots":{"index":"index","follow":"follow","max-snippet":"max-snippet:-1","max-image-preview":"max-image-preview:large","max-video-preview":"max-video-preview:-1"},"canonical":"https:\/\/well-tax.com\/es\/politica-de-privacidad\/","og_locale":"es_ES","og_type":"article","og_title":"Privacy Policy - WellTax","og_description":"Privacy Policy BACKGROUND: User understands that your privacy is important to you and that you care about how your personal data is used and shared online. We respect and value the privacy of everyone who visits this website, www.well-tax.com (\u201cOur Site\u201d) and will only collect and use personal data in ways that are described here, [&hellip;]","og_url":"https:\/\/well-tax.com\/es\/politica-de-privacidad\/","og_site_name":"WellTax","article_publisher":"https:\/\/www.facebook.com\/welltaxlimited\/","article_modified_time":"2023-10-02T09:16:55+00:00","og_image":[{"width":1200,"height":675,"url":"https:\/\/well-tax.com\/wp-content\/uploads\/2023\/10\/preview.jpg","type":"image\/jpeg"}],"twitter_card":"summary_large_image","twitter_misc":{"Tiempo de lectura":"9 minutos"},"schema":{"@context":"https:\/\/schema.org","@graph":[{"@type":"WebPage","@id":"https:\/\/well-tax.com\/privacy-policy\/","url":"https:\/\/well-tax.com\/privacy-policy\/","name":"Pol\u00edtica de privacidad - WellTax","isPartOf":{"@id":"https:\/\/well-tax.com\/#website"},"datePublished":"2023-07-26T10:22:31+00:00","dateModified":"2023-10-02T09:16:55+00:00","breadcrumb":{"@id":"https:\/\/well-tax.com\/privacy-policy\/#breadcrumb"},"inLanguage":"es","potentialAction":[{"@type":"ReadAction","target":["https:\/\/well-tax.com\/privacy-policy\/"]}]},{"@type":"BreadcrumbList","@id":"https:\/\/well-tax.com\/privacy-policy\/#breadcrumb","itemListElement":[{"@type":"ListItem","position":1,"name":"Home","item":"https:\/\/well-tax.com\/"},{"@type":"ListItem","position":2,"name":"Privacy Policy"}]},{"@type":"WebSite","@id":"https:\/\/well-tax.com\/#website","url":"https:\/\/well-tax.com\/","name":"WellTax","description":"Contables y asesores fiscales en el Reino Unido y los EAU","publisher":{"@id":"https:\/\/well-tax.com\/#organization"},"potentialAction":[{"@type":"SearchAction","target":{"@type":"EntryPoint","urlTemplate":"https:\/\/well-tax.com\/?s={search_term_string}"},"query-input":{"@type":"PropertyValueSpecification","valueRequired":true,"valueName":"search_term_string"}}],"inLanguage":"es"},{"@type":"Organization","@id":"https:\/\/well-tax.com\/#organization","name":"WellTax","url":"https:\/\/well-tax.com\/","logo":{"@type":"ImageObject","inLanguage":"es","@id":"https:\/\/well-tax.com\/#\/schema\/logo\/image\/","url":"https:\/\/well-tax.com\/wp-content\/uploads\/2023\/06\/favicon.svg","contentUrl":"https:\/\/well-tax.com\/wp-content\/uploads\/2023\/06\/favicon.svg","width":40,"height":35,"caption":"WellTax"},"image":{"@id":"https:\/\/well-tax.com\/#\/schema\/logo\/image\/"},"sameAs":["https:\/\/www.facebook.com\/welltaxlimited\/"]}]}},"_links":{"self":[{"href":"https:\/\/well-tax.com\/es\/wp-json\/wp\/v2\/pages\/2106","targetHints":{"allow":["GET"]}}],"collection":[{"href":"https:\/\/well-tax.com\/es\/wp-json\/wp\/v2\/pages"}],"about":[{"href":"https:\/\/well-tax.com\/es\/wp-json\/wp\/v2\/types\/page"}],"author":[{"embeddable":true,"href":"https:\/\/well-tax.com\/es\/wp-json\/wp\/v2\/users\/1"}],"replies":[{"embeddable":true,"href":"https:\/\/well-tax.com\/es\/wp-json\/wp\/v2\/comments?post=2106"}],"version-history":[{"count":15,"href":"https:\/\/well-tax.com\/es\/wp-json\/wp\/v2\/pages\/2106\/revisions"}],"predecessor-version":[{"id":4615,"href":"https:\/\/well-tax.com\/es\/wp-json\/wp\/v2\/pages\/2106\/revisions\/4615"}],"wp:attachment":[{"href":"https:\/\/well-tax.com\/es\/wp-json\/wp\/v2\/media?parent=2106"}],"curies":[{"name":"wp","href":"https:\/\/api.w.org\/{rel}","templated":true}]}}